{"id":972,"date":"2025-01-29T18:24:26","date_gmt":"2025-01-29T18:24:26","guid":{"rendered":"https:\/\/eyjagjof.is\/?post_type=product&#038;p=972"},"modified":"2025-10-05T17:05:03","modified_gmt":"2025-10-05T17:05:03","slug":"3d-card-air-balloon","status":"publish","type":"product","link":"https:\/\/eyjagjof.is\/is\/product\/3d-card-air-balloon\/","title":{"rendered":"3D card \u201cAir balloon\u201d"},"content":{"rendered":"<p>Card &#8220;Air balloon&#8221;<\/p>\n<ul>\n<li>\u2022 St\u00e6r\u00f0 10\u00d714 cm<\/li>\n<\/ul>\n<blockquote><p><em>This charming handmade children&#8217;s greeting card is made in delicate tones. Its front side depicts a hot air balloon floating smoothly in the sky among fluffy clouds.The background of the card creates a feeling of boundless flight, and three-dimensional elements made of paper add special charm and texture. Such a card will be a wonderful addition to any holiday &#8211; a birthday, name day or any other joyful event, giving the baby and his parents warm emotions and good wishes.<\/em><\/p>\n<\/blockquote>","protected":false},"excerpt":{"rendered":"<p>Card &#8220;Air balloon&#8221; Size 10&#215;14 cm This charming handmade children&#8217;s greeting card is made in delicate tones. Its front side depicts a hot air balloon floating smoothly in the sky among fluffy clouds.The background of the card creates a feeling of boundless flight, and three-dimensional elements made of paper add special charm and texture. Such [&hellip;]<\/p>\n","protected":false},"featured_media":1511,"comment_status":"open","ping_status":"closed","template":"","meta":{"site-sidebar-layout":"default","site-content-layout":"","ast-site-content-layout":"default","site-content-style":"default","site-sidebar-style":"default","ast-global-header-display":"","ast-banner-title-visibility":"","ast-main-header-display":"","ast-hfb-above-header-display":"","ast-hfb-below-header-display":"","ast-hfb-mobile-header-display":"","site-post-title":"","ast-breadcrumbs-content":"","ast-featured-img":"","footer-sml-layout":"","ast-disable-related-posts":"","theme-transparent-header-meta":"","adv-header-id-meta":"","stick-header-meta":"","header-above-stick-meta":"","header-main-stick-meta":"","header-below-stick-meta":"","astra-migrate-meta-layouts":"default","ast-page-background-enabled":"default","ast-page-background-meta":{"desktop":{"background-color":"var(--ast-global-color-4)","background-image":"","background-repeat":"repeat","background-position":"center center","background-size":"auto","background-attachment":"scroll","background-type":"","background-media":"","overlay-type":"","overlay-color":"","overlay-opacity":"","overlay-gradient":""},"tablet":{"background-color":"","background-image":"","background-repeat":"repeat","background-position":"center center","background-size":"auto","background-attachment":"scroll","background-type":"","background-media":"","overlay-type":"","overlay-color":"","overlay-opacity":"","overlay-gradient":""},"mobile":{"background-color":"","background-image":"","background-repeat":"repeat","background-position":"center center","background-size":"auto","background-attachment":"scroll","background-type":"","background-media":"","overlay-type":"","overlay-color":"","overlay-opacity":"","overlay-gradient":""}},"ast-content-background-meta":{"desktop":{"background-color":"var(--ast-global-color-5)","background-image":"","background-repeat":"repeat","background-position":"center center","background-size":"auto","background-attachment":"scroll","background-type":"","background-media":"","overlay-type":"","overlay-color":"","overlay-opacity":"","overlay-gradient":""},"tablet":{"background-color":"var(--ast-global-color-5)","background-image":"","background-repeat":"repeat","background-position":"center center","background-size":"auto","background-attachment":"scroll","background-type":"","background-media":"","overlay-type":"","overlay-color":"","overlay-opacity":"","overlay-gradient":""},"mobile":{"background-color":"var(--ast-global-color-5)","background-image":"","background-repeat":"repeat","background-position":"center center","background-size":"auto","background-attachment":"scroll","background-type":"","background-media":"","overlay-type":"","overlay-color":"","overlay-opacity":"","overlay-gradient":""}}},"product_brand":[],"product_cat":[22],"product_tag":[34,33,32],"class_list":{"0":"post-972","1":"product","2":"type-product","3":"status-publish","4":"has-post-thumbnail","6":"product_cat-cards-for-children","7":"product_tag-cards","8":"product_tag-children","9":"product_tag-kids","10":"product_shipping_class-iceland-cards","11":"desktop-align-left","12":"tablet-align-left","13":"mobile-align-left","15":"first","16":"instock","17":"shipping-taxable","18":"purchasable","19":"product-type-variable"},"aioseo_notices":[],"_links":{"self":[{"href":"https:\/\/eyjagjof.is\/is\/wp-json\/wp\/v2\/product\/972","targetHints":{"allow":["GET"]}}],"collection":[{"href":"https:\/\/eyjagjof.is\/is\/wp-json\/wp\/v2\/product"}],"about":[{"href":"https:\/\/eyjagjof.is\/is\/wp-json\/wp\/v2\/types\/product"}],"replies":[{"embeddable":true,"href":"https:\/\/eyjagjof.is\/is\/wp-json\/wp\/v2\/comments?post=972"}],"version-history":[{"count":4,"href":"https:\/\/eyjagjof.is\/is\/wp-json\/wp\/v2\/product\/972\/revisions"}],"predecessor-version":[{"id":1646,"href":"https:\/\/eyjagjof.is\/is\/wp-json\/wp\/v2\/product\/972\/revisions\/1646"}],"wp:featuredmedia":[{"embeddable":true,"href":"https:\/\/eyjagjof.is\/is\/wp-json\/wp\/v2\/media\/1511"}],"wp:attachment":[{"href":"https:\/\/eyjagjof.is\/is\/wp-json\/wp\/v2\/media?parent=972"}],"wp:term":[{"taxonomy":"product_brand","embeddable":true,"href":"https:\/\/eyjagjof.is\/is\/wp-json\/wp\/v2\/product_brand?post=972"},{"taxonomy":"product_cat","embeddable":true,"href":"https:\/\/eyjagjof.is\/is\/wp-json\/wp\/v2\/product_cat?post=972"},{"taxonomy":"product_tag","embeddable":true,"href":"https:\/\/eyjagjof.is\/is\/wp-json\/wp\/v2\/product_tag?post=972"}],"curies":[{"name":"wp","href":"https:\/\/api.w.org\/{rel}","templated":true}]}}