{"id":961,"date":"2025-01-28T19:48:05","date_gmt":"2025-01-28T19:48:05","guid":{"rendered":"https:\/\/eyjagjof.is\/product\/3d-card-butterfly\/"},"modified":"2025-12-06T23:36:47","modified_gmt":"2025-12-06T23:36:47","slug":"3d-card-butterfly","status":"publish","type":"product","link":"https:\/\/eyjagjof.is\/is\/product\/3d-card-butterfly\/","title":{"rendered":"3D-kort \u201eFi\u00f0rildi\u201c"},"content":{"rendered":"<p>Kort \u201eFi\u00f0rildi\u201c<\/p>\n<ul>\n<li>\u2022 St\u00e6r\u00f0 12,5\u00d717,5 cm<\/li>\n<li>\u2022 Umslag<\/li>\n<\/ul>\n<blockquote><p><em>\u00deetta gl\u00e6silega handger\u00f0a kve\u00f0jukort er hanna\u00f0 til a\u00f0 f\u00e6ra gle\u00f0i og t\u00f6frandi stemningu \u00e1 afm\u00e6lisdaginn. \u00c1 fors\u00ed\u00f0unni s\u00e9st elegant gjafakassi, \u00fea\u00f0an sem f\u00ednger\u00f0 fi\u00f0rildi flj\u00faga l\u00e9tt og \u00feyngdarlaus. V\u00e6ngir \u00feeirra eru fylltir lj\u00f3si og gle\u00f0i og t\u00e1kna g\u00f3\u00f0ar \u00f3skir, hamingju og n\u00fdja drauma.<\/em><\/p>\n<\/blockquote>\n<blockquote><p><em>\u00der\u00edv\u00edddareiginleikar og f\u00e1gu\u00f0 sm\u00e1atri\u00f0i gefa kortinu s\u00e9rstakan sjarma og gera \u00fea\u00f0 a\u00f0 einst\u00e6\u00f0ri og eftirminnilegri gj\u00f6f. Sl\u00edkt kort ver\u00f0ur ekki a\u00f0eins vi\u00f0b\u00f3t vi\u00f0 afm\u00e6liskve\u00f0juna, heldur raunverulegt t\u00e1kn um t\u00f6fra og hl\u00fdju sem afm\u00e6lisbarni\u00f0 mun var\u00f0veita lengi.<\/em><\/p>\n<\/blockquote>","protected":false},"excerpt":{"rendered":"<p>Card &#8220;Butterfly&#8221; Size 12,5&#215;17,5 cm Envelope This exquisite handmade greeting card is designed to bring joy and a magical mood on a Birthday. Its front side depicts an elegant gift box, from which graceful butterflies fly lightly and weightlessly. Their wings are filled with light and joy, symbolizing good wishes, happiness and new dreams. Volumetric [&hellip;]<\/p>\n","protected":false},"featured_media":1521,"comment_status":"open","ping_status":"closed","template":"","meta":{"site-sidebar-layout":"default","site-content-layout":"","ast-site-content-layout":"default","site-content-style":"default","site-sidebar-style":"default","ast-global-header-display":"","ast-banner-title-visibility":"","ast-main-header-display":"","ast-hfb-above-header-display":"","ast-hfb-below-header-display":"","ast-hfb-mobile-header-display":"","site-post-title":"","ast-breadcrumbs-content":"","ast-featured-img":"","footer-sml-layout":"","ast-disable-related-posts":"","theme-transparent-header-meta":"","adv-header-id-meta":"","stick-header-meta":"","header-above-stick-meta":"","header-main-stick-meta":"","header-below-stick-meta":"","astra-migrate-meta-layouts":"default","ast-page-background-enabled":"default","ast-page-background-meta":{"desktop":{"background-color":"var(--ast-global-color-4)","background-image":"","background-repeat":"repeat","background-position":"center center","background-size":"auto","background-attachment":"scroll","background-type":"","background-media":"","overlay-type":"","overlay-color":"","overlay-opacity":"","overlay-gradient":""},"tablet":{"background-color":"","background-image":"","background-repeat":"repeat","background-position":"center center","background-size":"auto","background-attachment":"scroll","background-type":"","background-media":"","overlay-type":"","overlay-color":"","overlay-opacity":"","overlay-gradient":""},"mobile":{"background-color":"","background-image":"","background-repeat":"repeat","background-position":"center center","background-size":"auto","background-attachment":"scroll","background-type":"","background-media":"","overlay-type":"","overlay-color":"","overlay-opacity":"","overlay-gradient":""}},"ast-content-background-meta":{"desktop":{"background-color":"var(--ast-global-color-5)","background-image":"","background-repeat":"repeat","background-position":"center center","background-size":"auto","background-attachment":"scroll","background-type":"","background-media":"","overlay-type":"","overlay-color":"","overlay-opacity":"","overlay-gradient":""},"tablet":{"background-color":"var(--ast-global-color-5)","background-image":"","background-repeat":"repeat","background-position":"center center","background-size":"auto","background-attachment":"scroll","background-type":"","background-media":"","overlay-type":"","overlay-color":"","overlay-opacity":"","overlay-gradient":""},"mobile":{"background-color":"var(--ast-global-color-5)","background-image":"","background-repeat":"repeat","background-position":"center center","background-size":"auto","background-attachment":"scroll","background-type":"","background-media":"","overlay-type":"","overlay-color":"","overlay-opacity":"","overlay-gradient":""}}},"product_brand":[],"product_cat":[27],"product_tag":[35,34],"class_list":{"0":"post-961","1":"product","2":"type-product","3":"status-publish","4":"has-post-thumbnail","6":"product_cat-birthday-cards","7":"product_tag-birthday-cards","8":"product_tag-cards","9":"product_shipping_class-iceland-cards","10":"desktop-align-left","11":"tablet-align-left","12":"mobile-align-left","14":"first","15":"instock","16":"shipping-taxable","17":"purchasable","18":"product-type-simple"},"aioseo_notices":[],"_links":{"self":[{"href":"https:\/\/eyjagjof.is\/is\/wp-json\/wp\/v2\/product\/961","targetHints":{"allow":["GET"]}}],"collection":[{"href":"https:\/\/eyjagjof.is\/is\/wp-json\/wp\/v2\/product"}],"about":[{"href":"https:\/\/eyjagjof.is\/is\/wp-json\/wp\/v2\/types\/product"}],"replies":[{"embeddable":true,"href":"https:\/\/eyjagjof.is\/is\/wp-json\/wp\/v2\/comments?post=961"}],"version-history":[{"count":5,"href":"https:\/\/eyjagjof.is\/is\/wp-json\/wp\/v2\/product\/961\/revisions"}],"predecessor-version":[{"id":1647,"href":"https:\/\/eyjagjof.is\/is\/wp-json\/wp\/v2\/product\/961\/revisions\/1647"}],"wp:featuredmedia":[{"embeddable":true,"href":"https:\/\/eyjagjof.is\/is\/wp-json\/wp\/v2\/media\/1521"}],"wp:attachment":[{"href":"https:\/\/eyjagjof.is\/is\/wp-json\/wp\/v2\/media?parent=961"}],"wp:term":[{"taxonomy":"product_brand","embeddable":true,"href":"https:\/\/eyjagjof.is\/is\/wp-json\/wp\/v2\/product_brand?post=961"},{"taxonomy":"product_cat","embeddable":true,"href":"https:\/\/eyjagjof.is\/is\/wp-json\/wp\/v2\/product_cat?post=961"},{"taxonomy":"product_tag","embeddable":true,"href":"https:\/\/eyjagjof.is\/is\/wp-json\/wp\/v2\/product_tag?post=961"}],"curies":[{"name":"wp","href":"https:\/\/api.w.org\/{rel}","templated":true}]}}