{"id":958,"date":"2025-01-28T18:35:24","date_gmt":"2025-01-28T18:35:24","guid":{"rendered":"https:\/\/eyjagjof.is\/product\/3d-card-gold-flowers\/"},"modified":"2025-12-06T23:37:02","modified_gmt":"2025-12-06T23:37:02","slug":"3d-card-gold-flowers","status":"publish","type":"product","link":"https:\/\/eyjagjof.is\/is\/product\/3d-card-gold-flowers\/","title":{"rendered":"3D kort \u201eGullbl\u00f3m\u201c"},"content":{"rendered":"<p>3D kort \u201eGullbl\u00f3m\u201c<\/p>\n<ul>\n<li>\u2022 St\u00e6r\u00f0: 12,5 \u00d7 16 cm<\/li>\n<li>\u2022 Umslag<\/li>\n<\/ul>\n<blockquote><p><em>\u00deetta fallega handgert kve\u00f0jukort er hanna\u00f0 til a\u00f0 mi\u00f0la hl\u00fdjum tilfinningum og umhyggju.\nYfirbor\u00f0i\u00f0 er gl\u00e6silega \u00fatskor\u00f0i\u00f0 me\u00f0 bl\u00f3mas\u00edl\u00faettum og skreytt me\u00f0 f\u00ednger\u00f0um glitrandi bl\u00e6, sem minnir \u00e1 morgund\u00f6gg e\u00f0a t\u00f6frandi lj\u00f3ma<\/em><\/p>\n<\/blockquote>\n<blockquote><p><em>\u00cd mi\u00f0ju h\u00f6nnunarinnar er hjartn\u00e6m setning \u2014 \u201eThinking of you\u201c \u2014 skrifu\u00f0 me\u00f0 hl\u00fdju og m\u00fdkt. Korti\u00f0 er unni\u00f0 me\u00f0 \u00fer\u00edv\u00ed\u00f0um og glitrandi \u00fe\u00e1ttum sem gefa \u00fev\u00ed s\u00e9rstakt yfirbrag\u00f0.\n\u00deetta er ekki bara kort, heldur l\u00edti\u00f0 t\u00e1kn k\u00e6rleika, vin\u00e1ttu og einl\u00e6grar \u00e1star, sem hl\u00fdjar s\u00e1lu \u00feess sem \u00fea\u00f0 f\u00e6r.<\/em><\/p>\n<\/blockquote>","protected":false},"excerpt":{"rendered":"<p>Card &#8220;Gold flowers&#8221; Size 12,5&#215;16 cm Envelope This exquisite handmade greeting card is designed to convey the warmest feelings and care. Its surface is gracefully carved with silhouettes of flowers, decorated with a light shimmer of glitter, creating the effect of morning dew or magical radiance. In the center of the composition is a touching [&hellip;]<\/p>\n","protected":false},"featured_media":1536,"comment_status":"open","ping_status":"closed","template":"","meta":{"site-sidebar-layout":"default","site-content-layout":"","ast-site-content-layout":"default","site-content-style":"default","site-sidebar-style":"default","ast-global-header-display":"","ast-banner-title-visibility":"","ast-main-header-display":"","ast-hfb-above-header-display":"","ast-hfb-below-header-display":"","ast-hfb-mobile-header-display":"","site-post-title":"","ast-breadcrumbs-content":"","ast-featured-img":"","footer-sml-layout":"","ast-disable-related-posts":"","theme-transparent-header-meta":"","adv-header-id-meta":"","stick-header-meta":"","header-above-stick-meta":"","header-main-stick-meta":"","header-below-stick-meta":"","astra-migrate-meta-layouts":"default","ast-page-background-enabled":"default","ast-page-background-meta":{"desktop":{"background-color":"var(--ast-global-color-4)","background-image":"","background-repeat":"repeat","background-position":"center center","background-size":"auto","background-attachment":"scroll","background-type":"","background-media":"","overlay-type":"","overlay-color":"","overlay-opacity":"","overlay-gradient":""},"tablet":{"background-color":"","background-image":"","background-repeat":"repeat","background-position":"center center","background-size":"auto","background-attachment":"scroll","background-type":"","background-media":"","overlay-type":"","overlay-color":"","overlay-opacity":"","overlay-gradient":""},"mobile":{"background-color":"","background-image":"","background-repeat":"repeat","background-position":"center center","background-size":"auto","background-attachment":"scroll","background-type":"","background-media":"","overlay-type":"","overlay-color":"","overlay-opacity":"","overlay-gradient":""}},"ast-content-background-meta":{"desktop":{"background-color":"var(--ast-global-color-5)","background-image":"","background-repeat":"repeat","background-position":"center center","background-size":"auto","background-attachment":"scroll","background-type":"","background-media":"","overlay-type":"","overlay-color":"","overlay-opacity":"","overlay-gradient":""},"tablet":{"background-color":"var(--ast-global-color-5)","background-image":"","background-repeat":"repeat","background-position":"center center","background-size":"auto","background-attachment":"scroll","background-type":"","background-media":"","overlay-type":"","overlay-color":"","overlay-opacity":"","overlay-gradient":""},"mobile":{"background-color":"var(--ast-global-color-5)","background-image":"","background-repeat":"repeat","background-position":"center center","background-size":"auto","background-attachment":"scroll","background-type":"","background-media":"","overlay-type":"","overlay-color":"","overlay-opacity":"","overlay-gradient":""}}},"product_brand":[],"product_cat":[27,53],"product_tag":[35,34,37],"class_list":{"0":"post-958","1":"product","2":"type-product","3":"status-publish","4":"has-post-thumbnail","6":"product_cat-birthday-cards","7":"product_cat-other-cards","8":"product_tag-birthday-cards","9":"product_tag-cards","10":"product_tag-flowers","11":"product_shipping_class-iceland-cards","12":"desktop-align-left","13":"tablet-align-left","14":"mobile-align-left","16":"first","17":"instock","18":"shipping-taxable","19":"purchasable","20":"product-type-simple"},"aioseo_notices":[],"_links":{"self":[{"href":"https:\/\/eyjagjof.is\/is\/wp-json\/wp\/v2\/product\/958","targetHints":{"allow":["GET"]}}],"collection":[{"href":"https:\/\/eyjagjof.is\/is\/wp-json\/wp\/v2\/product"}],"about":[{"href":"https:\/\/eyjagjof.is\/is\/wp-json\/wp\/v2\/types\/product"}],"replies":[{"embeddable":true,"href":"https:\/\/eyjagjof.is\/is\/wp-json\/wp\/v2\/comments?post=958"}],"version-history":[{"count":3,"href":"https:\/\/eyjagjof.is\/is\/wp-json\/wp\/v2\/product\/958\/revisions"}],"predecessor-version":[{"id":1649,"href":"https:\/\/eyjagjof.is\/is\/wp-json\/wp\/v2\/product\/958\/revisions\/1649"}],"wp:featuredmedia":[{"embeddable":true,"href":"https:\/\/eyjagjof.is\/is\/wp-json\/wp\/v2\/media\/1536"}],"wp:attachment":[{"href":"https:\/\/eyjagjof.is\/is\/wp-json\/wp\/v2\/media?parent=958"}],"wp:term":[{"taxonomy":"product_brand","embeddable":true,"href":"https:\/\/eyjagjof.is\/is\/wp-json\/wp\/v2\/product_brand?post=958"},{"taxonomy":"product_cat","embeddable":true,"href":"https:\/\/eyjagjof.is\/is\/wp-json\/wp\/v2\/product_cat?post=958"},{"taxonomy":"product_tag","embeddable":true,"href":"https:\/\/eyjagjof.is\/is\/wp-json\/wp\/v2\/product_tag?post=958"}],"curies":[{"name":"wp","href":"https:\/\/api.w.org\/{rel}","templated":true}]}}