{"id":955,"date":"2025-01-28T18:31:37","date_gmt":"2025-01-28T18:31:37","guid":{"rendered":"https:\/\/eyjagjof.is\/product\/3d-card-cake\/"},"modified":"2025-12-06T23:24:47","modified_gmt":"2025-12-06T23:24:47","slug":"3d-card-cake","status":"publish","type":"product","link":"https:\/\/eyjagjof.is\/is\/product\/3d-card-cake\/","title":{"rendered":"3D-kort \u201eKaka\u201c"},"content":{"rendered":"<p><strong>3D-kort \u201eKaka\u201c<\/strong><\/p>\n<ul>\n<li><strong>\u2022 St\u00e6r\u00f0 12,5\u00d717,5 cm<\/strong><\/li>\n<li><strong>\u2022 Umslag<\/strong><\/li>\n<\/ul>\n<p><strong><\/strong><\/p>\n<blockquote><p><em>\u00deetta st\u00edlhreina handger\u00f0a kort er unni\u00f0 \u00ed gl\u00e6silegum fj\u00f3lubl\u00e1um lit sem gefur \u00fev\u00ed s\u00e9rstaka f\u00e1gun og dul\u00fa\u00f0. \u00cd mi\u00f0ju myndarinnar er girnileg kaka skreytt vi\u00f0kv\u00e6mum hj\u00f6rtum sem t\u00e1kna hl\u00fdju, \u00e1st og einl\u00e6gustu \u00f3skir.<\/em><\/p>\n<\/blockquote>\n<blockquote><p><em>\u00der\u00edv\u00edddareiginleikar, v\u00f6ndu\u00f0 sm\u00e1atri\u00f0i og samstillt litaval gera \u00feetta kort sannarlega einstakt. \u00dea\u00f0 ver\u00f0ur yndisleg vi\u00f0b\u00f3t vi\u00f0 gj\u00f6fina og f\u00e6rir afm\u00e6lisbarninu hl\u00fdjustu minningar, fylltar gle\u00f0i og s\u00e6tum brag af h\u00e1t\u00ed\u00f0inni!<\/em><\/p>\n<\/blockquote>","protected":false},"excerpt":{"rendered":"<p>3D card &#8220;Cake&#8221; Size 12,5&#215;17,5 cm Envelope This stylish handmade card is made in an exquisite purple color, which gives it a special elegance and mystery. In the center of the composition is a delicious cake decorated with delicate hearts, symbolizing warmth, love and the most sincere wishes. Volumetric elements, neat details and a harmonious [&hellip;]<\/p>\n","protected":false},"featured_media":1527,"comment_status":"open","ping_status":"closed","template":"","meta":{"site-sidebar-layout":"default","site-content-layout":"","ast-site-content-layout":"default","site-content-style":"default","site-sidebar-style":"default","ast-global-header-display":"","ast-banner-title-visibility":"","ast-main-header-display":"","ast-hfb-above-header-display":"","ast-hfb-below-header-display":"","ast-hfb-mobile-header-display":"","site-post-title":"","ast-breadcrumbs-content":"","ast-featured-img":"","footer-sml-layout":"","ast-disable-related-posts":"","theme-transparent-header-meta":"","adv-header-id-meta":"","stick-header-meta":"","header-above-stick-meta":"","header-main-stick-meta":"","header-below-stick-meta":"","astra-migrate-meta-layouts":"default","ast-page-background-enabled":"default","ast-page-background-meta":{"desktop":{"background-color":"var(--ast-global-color-4)","background-image":"","background-repeat":"repeat","background-position":"center center","background-size":"auto","background-attachment":"scroll","background-type":"","background-media":"","overlay-type":"","overlay-color":"","overlay-opacity":"","overlay-gradient":""},"tablet":{"background-color":"","background-image":"","background-repeat":"repeat","background-position":"center center","background-size":"auto","background-attachment":"scroll","background-type":"","background-media":"","overlay-type":"","overlay-color":"","overlay-opacity":"","overlay-gradient":""},"mobile":{"background-color":"","background-image":"","background-repeat":"repeat","background-position":"center center","background-size":"auto","background-attachment":"scroll","background-type":"","background-media":"","overlay-type":"","overlay-color":"","overlay-opacity":"","overlay-gradient":""}},"ast-content-background-meta":{"desktop":{"background-color":"var(--ast-global-color-5)","background-image":"","background-repeat":"repeat","background-position":"center center","background-size":"auto","background-attachment":"scroll","background-type":"","background-media":"","overlay-type":"","overlay-color":"","overlay-opacity":"","overlay-gradient":""},"tablet":{"background-color":"var(--ast-global-color-5)","background-image":"","background-repeat":"repeat","background-position":"center center","background-size":"auto","background-attachment":"scroll","background-type":"","background-media":"","overlay-type":"","overlay-color":"","overlay-opacity":"","overlay-gradient":""},"mobile":{"background-color":"var(--ast-global-color-5)","background-image":"","background-repeat":"repeat","background-position":"center center","background-size":"auto","background-attachment":"scroll","background-type":"","background-media":"","overlay-type":"","overlay-color":"","overlay-opacity":"","overlay-gradient":""}}},"product_brand":[],"product_cat":[27],"product_tag":[35,36,34],"class_list":{"0":"post-955","1":"product","2":"type-product","3":"status-publish","4":"has-post-thumbnail","6":"product_cat-birthday-cards","7":"product_tag-birthday-cards","8":"product_tag-cake","9":"product_tag-cards","10":"product_shipping_class-iceland-cards","11":"desktop-align-left","12":"tablet-align-left","13":"mobile-align-left","15":"first","16":"instock","17":"shipping-taxable","18":"purchasable","19":"product-type-simple"},"aioseo_notices":[],"_links":{"self":[{"href":"https:\/\/eyjagjof.is\/is\/wp-json\/wp\/v2\/product\/955","targetHints":{"allow":["GET"]}}],"collection":[{"href":"https:\/\/eyjagjof.is\/is\/wp-json\/wp\/v2\/product"}],"about":[{"href":"https:\/\/eyjagjof.is\/is\/wp-json\/wp\/v2\/types\/product"}],"replies":[{"embeddable":true,"href":"https:\/\/eyjagjof.is\/is\/wp-json\/wp\/v2\/comments?post=955"}],"version-history":[{"count":6,"href":"https:\/\/eyjagjof.is\/is\/wp-json\/wp\/v2\/product\/955\/revisions"}],"predecessor-version":[{"id":1648,"href":"https:\/\/eyjagjof.is\/is\/wp-json\/wp\/v2\/product\/955\/revisions\/1648"}],"wp:featuredmedia":[{"embeddable":true,"href":"https:\/\/eyjagjof.is\/is\/wp-json\/wp\/v2\/media\/1527"}],"wp:attachment":[{"href":"https:\/\/eyjagjof.is\/is\/wp-json\/wp\/v2\/media?parent=955"}],"wp:term":[{"taxonomy":"product_brand","embeddable":true,"href":"https:\/\/eyjagjof.is\/is\/wp-json\/wp\/v2\/product_brand?post=955"},{"taxonomy":"product_cat","embeddable":true,"href":"https:\/\/eyjagjof.is\/is\/wp-json\/wp\/v2\/product_cat?post=955"},{"taxonomy":"product_tag","embeddable":true,"href":"https:\/\/eyjagjof.is\/is\/wp-json\/wp\/v2\/product_tag?post=955"}],"curies":[{"name":"wp","href":"https:\/\/api.w.org\/{rel}","templated":true}]}}