{"id":950,"date":"2025-01-28T18:19:40","date_gmt":"2025-01-28T18:19:40","guid":{"rendered":"https:\/\/eyjagjof.is\/product\/3d-card-paper-airplane\/"},"modified":"2025-12-06T23:37:21","modified_gmt":"2025-12-06T23:37:21","slug":"3d-card-paper-airplane","status":"publish","type":"product","link":"https:\/\/eyjagjof.is\/is\/product\/3d-card-paper-airplane\/","title":{"rendered":"3D-kort \u201ePapp\u00edrsv\u00e9l"},"content":{"rendered":"<p>3D-kort \u201ePapp\u00edrsv\u00e9l\u201c<\/p>\n<ul>\n<li>\u2022 St\u00e6r\u00f0 12,5\u00d717,5 cm<\/li>\n<li>\u2022 Umslag<\/li>\n<\/ul>\n<blockquote><p><em>\u00deetta upprunalega handger\u00f0a kort er hanna\u00f0 til a\u00f0 gera afm\u00e6lisdaginn enn bjartari og gle\u00f0ilegri. A\u00f0aleinkenni \u00feess er innlegg \u00far s\u00f3lgulum papp\u00edr \u00fear sem skuggamyndir af f\u00ednger\u00f0um bl\u00f3mum, l\u00e9ttum papp\u00edrsv\u00e9l og hl\u00fd kve\u00f0ja eru vandlega skornar \u00fat.<\/em><\/p>\n<\/blockquote>\n<blockquote><p><em>Samsetningunni er b\u00e6tt upp me\u00f0 sm\u00e1um fi\u00f0rildum sem l\u00edfga korti\u00f0 upp, \u00e1samt fallegum rau\u00f0um skrautslaufu sem gefur \u00fev\u00ed h\u00e1t\u00ed\u00f0legt yfirbrag\u00f0. \u00der\u00edv\u00edddareiginleikar og litaspil gera korti\u00f0 ekki a\u00f0eins a\u00f0 kve\u00f0ju, heldur litlu listaverki sem mun \u00f6rugglega f\u00e6ra afm\u00e6lisbarninu hl\u00fdju, gle\u00f0i og bros!<\/em><\/p>\n<\/blockquote>","protected":false},"excerpt":{"rendered":"<p>Card &#8220;Paper airplane&#8221; Size 12,5&#215;17,5 cm Envelope This original handmade card is designed to make a Birthday even brighter and more joyful. Its main feature is an insert made of sunny yellow paper, on which silhouettes of elegant flowers, a light paper airplane and a warm greeting are carefully cut out. The composition is complemented [&hellip;]<\/p>\n","protected":false},"featured_media":1540,"comment_status":"open","ping_status":"closed","template":"","meta":{"site-sidebar-layout":"default","site-content-layout":"","ast-site-content-layout":"default","site-content-style":"default","site-sidebar-style":"default","ast-global-header-display":"","ast-banner-title-visibility":"","ast-main-header-display":"","ast-hfb-above-header-display":"","ast-hfb-below-header-display":"","ast-hfb-mobile-header-display":"","site-post-title":"","ast-breadcrumbs-content":"","ast-featured-img":"","footer-sml-layout":"","ast-disable-related-posts":"","theme-transparent-header-meta":"","adv-header-id-meta":"","stick-header-meta":"","header-above-stick-meta":"","header-main-stick-meta":"","header-below-stick-meta":"","astra-migrate-meta-layouts":"default","ast-page-background-enabled":"default","ast-page-background-meta":{"desktop":{"background-color":"var(--ast-global-color-4)","background-image":"","background-repeat":"repeat","background-position":"center center","background-size":"auto","background-attachment":"scroll","background-type":"","background-media":"","overlay-type":"","overlay-color":"","overlay-opacity":"","overlay-gradient":""},"tablet":{"background-color":"","background-image":"","background-repeat":"repeat","background-position":"center center","background-size":"auto","background-attachment":"scroll","background-type":"","background-media":"","overlay-type":"","overlay-color":"","overlay-opacity":"","overlay-gradient":""},"mobile":{"background-color":"","background-image":"","background-repeat":"repeat","background-position":"center center","background-size":"auto","background-attachment":"scroll","background-type":"","background-media":"","overlay-type":"","overlay-color":"","overlay-opacity":"","overlay-gradient":""}},"ast-content-background-meta":{"desktop":{"background-color":"var(--ast-global-color-5)","background-image":"","background-repeat":"repeat","background-position":"center center","background-size":"auto","background-attachment":"scroll","background-type":"","background-media":"","overlay-type":"","overlay-color":"","overlay-opacity":"","overlay-gradient":""},"tablet":{"background-color":"var(--ast-global-color-5)","background-image":"","background-repeat":"repeat","background-position":"center center","background-size":"auto","background-attachment":"scroll","background-type":"","background-media":"","overlay-type":"","overlay-color":"","overlay-opacity":"","overlay-gradient":""},"mobile":{"background-color":"var(--ast-global-color-5)","background-image":"","background-repeat":"repeat","background-position":"center center","background-size":"auto","background-attachment":"scroll","background-type":"","background-media":"","overlay-type":"","overlay-color":"","overlay-opacity":"","overlay-gradient":""}}},"product_brand":[],"product_cat":[27,53],"product_tag":[35,34],"class_list":{"0":"post-950","1":"product","2":"type-product","3":"status-publish","4":"has-post-thumbnail","6":"product_cat-birthday-cards","7":"product_cat-other-cards","8":"product_tag-birthday-cards","9":"product_tag-cards","10":"product_shipping_class-iceland-cards","11":"desktop-align-left","12":"tablet-align-left","13":"mobile-align-left","15":"first","16":"instock","17":"shipping-taxable","18":"purchasable","19":"product-type-simple"},"aioseo_notices":[],"_links":{"self":[{"href":"https:\/\/eyjagjof.is\/is\/wp-json\/wp\/v2\/product\/950","targetHints":{"allow":["GET"]}}],"collection":[{"href":"https:\/\/eyjagjof.is\/is\/wp-json\/wp\/v2\/product"}],"about":[{"href":"https:\/\/eyjagjof.is\/is\/wp-json\/wp\/v2\/types\/product"}],"replies":[{"embeddable":true,"href":"https:\/\/eyjagjof.is\/is\/wp-json\/wp\/v2\/comments?post=950"}],"version-history":[{"count":6,"href":"https:\/\/eyjagjof.is\/is\/wp-json\/wp\/v2\/product\/950\/revisions"}],"predecessor-version":[{"id":1650,"href":"https:\/\/eyjagjof.is\/is\/wp-json\/wp\/v2\/product\/950\/revisions\/1650"}],"wp:featuredmedia":[{"embeddable":true,"href":"https:\/\/eyjagjof.is\/is\/wp-json\/wp\/v2\/media\/1540"}],"wp:attachment":[{"href":"https:\/\/eyjagjof.is\/is\/wp-json\/wp\/v2\/media?parent=950"}],"wp:term":[{"taxonomy":"product_brand","embeddable":true,"href":"https:\/\/eyjagjof.is\/is\/wp-json\/wp\/v2\/product_brand?post=950"},{"taxonomy":"product_cat","embeddable":true,"href":"https:\/\/eyjagjof.is\/is\/wp-json\/wp\/v2\/product_cat?post=950"},{"taxonomy":"product_tag","embeddable":true,"href":"https:\/\/eyjagjof.is\/is\/wp-json\/wp\/v2\/product_tag?post=950"}],"curies":[{"name":"wp","href":"https:\/\/api.w.org\/{rel}","templated":true}]}}