{"id":946,"date":"2025-01-28T18:15:06","date_gmt":"2025-01-28T18:15:06","guid":{"rendered":"https:\/\/eyjagjof.is\/product\/3d-card-violet\/"},"modified":"2025-12-06T23:37:37","modified_gmt":"2025-12-06T23:37:37","slug":"3d-card-violet","status":"publish","type":"product","link":"https:\/\/eyjagjof.is\/is\/product\/3d-card-violet\/","title":{"rendered":"3D card \u201cViolet\u201d"},"content":{"rendered":"<p>Card &#8220;Violet&#8221;<\/p>\n<ul>\n<li>\u2022 St\u00e6r\u00f0 12,5\u00d717,5 cm<\/li>\n<li>\u2022 Umslag<\/li>\n<\/ul>\n<blockquote><p><em>This delicate handmade greeting card is made in exquisite purple shades, creating an atmosphere of coziness and warm wishes. The main decoration of the card is a bouquet of violets, carefully made of paper. Their thin petals and graceful leaves look airy and light, as if just picked in the garden.<\/em><\/p>\n<\/blockquote>\n<blockquote><p><em>The harmonious combination of shades, volumetric elements and elaborate details make this card truly special. It will be a wonderful way to express attention, warmth and good wishes, leaving the recipient with pleasant memories and a smile on the face.<\/em><\/p>\n<\/blockquote>","protected":false},"excerpt":{"rendered":"<p>Card &#8220;Violet&#8221; Size 12.5&#215;17.5 cm Envelope This delicate handmade greeting card is made in exquisite purple shades, creating an atmosphere of coziness and warm wishes. The main decoration of the card is a bouquet of violets, carefully made of paper. Their thin petals and graceful leaves look airy and light, as if just picked in [&hellip;]<\/p>\n","protected":false},"featured_media":1554,"comment_status":"open","ping_status":"closed","template":"","meta":{"site-sidebar-layout":"default","site-content-layout":"","ast-site-content-layout":"default","site-content-style":"default","site-sidebar-style":"default","ast-global-header-display":"","ast-banner-title-visibility":"","ast-main-header-display":"","ast-hfb-above-header-display":"","ast-hfb-below-header-display":"","ast-hfb-mobile-header-display":"","site-post-title":"","ast-breadcrumbs-content":"","ast-featured-img":"","footer-sml-layout":"","ast-disable-related-posts":"","theme-transparent-header-meta":"","adv-header-id-meta":"","stick-header-meta":"","header-above-stick-meta":"","header-main-stick-meta":"","header-below-stick-meta":"","astra-migrate-meta-layouts":"default","ast-page-background-enabled":"default","ast-page-background-meta":{"desktop":{"background-color":"var(--ast-global-color-4)","background-image":"","background-repeat":"repeat","background-position":"center center","background-size":"auto","background-attachment":"scroll","background-type":"","background-media":"","overlay-type":"","overlay-color":"","overlay-opacity":"","overlay-gradient":""},"tablet":{"background-color":"","background-image":"","background-repeat":"repeat","background-position":"center center","background-size":"auto","background-attachment":"scroll","background-type":"","background-media":"","overlay-type":"","overlay-color":"","overlay-opacity":"","overlay-gradient":""},"mobile":{"background-color":"","background-image":"","background-repeat":"repeat","background-position":"center center","background-size":"auto","background-attachment":"scroll","background-type":"","background-media":"","overlay-type":"","overlay-color":"","overlay-opacity":"","overlay-gradient":""}},"ast-content-background-meta":{"desktop":{"background-color":"var(--ast-global-color-5)","background-image":"","background-repeat":"repeat","background-position":"center center","background-size":"auto","background-attachment":"scroll","background-type":"","background-media":"","overlay-type":"","overlay-color":"","overlay-opacity":"","overlay-gradient":""},"tablet":{"background-color":"var(--ast-global-color-5)","background-image":"","background-repeat":"repeat","background-position":"center center","background-size":"auto","background-attachment":"scroll","background-type":"","background-media":"","overlay-type":"","overlay-color":"","overlay-opacity":"","overlay-gradient":""},"mobile":{"background-color":"var(--ast-global-color-5)","background-image":"","background-repeat":"repeat","background-position":"center center","background-size":"auto","background-attachment":"scroll","background-type":"","background-media":"","overlay-type":"","overlay-color":"","overlay-opacity":"","overlay-gradient":""}}},"product_brand":[],"product_cat":[27,53],"product_tag":[35,34],"class_list":{"0":"post-946","1":"product","2":"type-product","3":"status-publish","4":"has-post-thumbnail","6":"product_cat-birthday-cards","7":"product_cat-other-cards","8":"product_tag-birthday-cards","9":"product_tag-cards","10":"product_shipping_class-iceland-cards","11":"desktop-align-left","12":"tablet-align-left","13":"mobile-align-left","15":"first","16":"instock","17":"shipping-taxable","18":"purchasable","19":"product-type-simple"},"aioseo_notices":[],"_links":{"self":[{"href":"https:\/\/eyjagjof.is\/is\/wp-json\/wp\/v2\/product\/946","targetHints":{"allow":["GET"]}}],"collection":[{"href":"https:\/\/eyjagjof.is\/is\/wp-json\/wp\/v2\/product"}],"about":[{"href":"https:\/\/eyjagjof.is\/is\/wp-json\/wp\/v2\/types\/product"}],"replies":[{"embeddable":true,"href":"https:\/\/eyjagjof.is\/is\/wp-json\/wp\/v2\/comments?post=946"}],"version-history":[{"count":3,"href":"https:\/\/eyjagjof.is\/is\/wp-json\/wp\/v2\/product\/946\/revisions"}],"predecessor-version":[{"id":2018,"href":"https:\/\/eyjagjof.is\/is\/wp-json\/wp\/v2\/product\/946\/revisions\/2018"}],"wp:featuredmedia":[{"embeddable":true,"href":"https:\/\/eyjagjof.is\/is\/wp-json\/wp\/v2\/media\/1554"}],"wp:attachment":[{"href":"https:\/\/eyjagjof.is\/is\/wp-json\/wp\/v2\/media?parent=946"}],"wp:term":[{"taxonomy":"product_brand","embeddable":true,"href":"https:\/\/eyjagjof.is\/is\/wp-json\/wp\/v2\/product_brand?post=946"},{"taxonomy":"product_cat","embeddable":true,"href":"https:\/\/eyjagjof.is\/is\/wp-json\/wp\/v2\/product_cat?post=946"},{"taxonomy":"product_tag","embeddable":true,"href":"https:\/\/eyjagjof.is\/is\/wp-json\/wp\/v2\/product_tag?post=946"}],"curies":[{"name":"wp","href":"https:\/\/api.w.org\/{rel}","templated":true}]}}