{"id":2787,"date":"2026-02-14T15:44:48","date_gmt":"2026-02-14T15:44:48","guid":{"rendered":"https:\/\/eyjagjof.is\/product\/confirmation-money-envelope-girl-glitter-3\/"},"modified":"2026-02-20T11:56:29","modified_gmt":"2026-02-20T11:56:29","slug":"confirmation-money-envelope-girl-glitter-3","status":"publish","type":"product","link":"https:\/\/eyjagjof.is\/is\/product\/confirmation-money-envelope-girl-glitter-3\/","title":{"rendered":"Peningaumslag fyrir fermingu \u2013 stelpa (glitter)"},"content":{"rendered":"<p>St\u00e6r\u00f0: 15 \u00d7 8 cm<\/p>\n<p>Fallegt handgert peningaumslag fyrir fermingu stelpu \u00ed mj\u00fakum bleikum lit \ud83d\udc97<\/p>\n<p>\u00c1 umslaginu er glitrandi \u00e1letrun \u201eferming\u201d \u00far bleikum glitter-vinyl sem gefur \u00fev\u00ed h\u00e1t\u00ed\u00f0legan og gl\u00e6silegan svip \u2728<\/p>\n<p>\u00c1 lokahluta umslagsins eru \u00fatskornir bl\u00f3ma-detalir, sem gera h\u00f6nnunina enn r\u00f3mant\u00edskari og s\u00e9rstaka \ud83c\udf38<\/p>\n<p>Fullkomi\u00f0 til a\u00f0 gefa peningagj\u00f6f e\u00f0a gjafakort \u00e1 fermingardaginn.<\/p>","protected":false},"excerpt":{"rendered":"<p>Bleikt handgert peningaumslag fyrir fermingu stelpu me\u00f0 glitrandi \u201eferming\u201d og bl\u00f3ma\u00fatskur\u00f0i.<\/p>","protected":false},"featured_media":2785,"comment_status":"open","ping_status":"closed","template":"","meta":{"site-sidebar-layout":"default","site-content-layout":"","ast-site-content-layout":"default","site-content-style":"default","site-sidebar-style":"default","ast-global-header-display":"","ast-banner-title-visibility":"","ast-main-header-display":"","ast-hfb-above-header-display":"","ast-hfb-below-header-display":"","ast-hfb-mobile-header-display":"","site-post-title":"","ast-breadcrumbs-content":"","ast-featured-img":"","footer-sml-layout":"","ast-disable-related-posts":"","theme-transparent-header-meta":"","adv-header-id-meta":"","stick-header-meta":"","header-above-stick-meta":"","header-main-stick-meta":"","header-below-stick-meta":"","astra-migrate-meta-layouts":"default","ast-page-background-enabled":"default","ast-page-background-meta":{"desktop":{"background-color":"var(--ast-global-color-4)","background-image":"","background-repeat":"repeat","background-position":"center center","background-size":"auto","background-attachment":"scroll","background-type":"","background-media":"","overlay-type":"","overlay-color":"","overlay-opacity":"","overlay-gradient":""},"tablet":{"background-color":"","background-image":"","background-repeat":"repeat","background-position":"center center","background-size":"auto","background-attachment":"scroll","background-type":"","background-media":"","overlay-type":"","overlay-color":"","overlay-opacity":"","overlay-gradient":""},"mobile":{"background-color":"","background-image":"","background-repeat":"repeat","background-position":"center center","background-size":"auto","background-attachment":"scroll","background-type":"","background-media":"","overlay-type":"","overlay-color":"","overlay-opacity":"","overlay-gradient":""}},"ast-content-background-meta":{"desktop":{"background-color":"var(--ast-global-color-5)","background-image":"","background-repeat":"repeat","background-position":"center center","background-size":"auto","background-attachment":"scroll","background-type":"","background-media":"","overlay-type":"","overlay-color":"","overlay-opacity":"","overlay-gradient":""},"tablet":{"background-color":"var(--ast-global-color-5)","background-image":"","background-repeat":"repeat","background-position":"center center","background-size":"auto","background-attachment":"scroll","background-type":"","background-media":"","overlay-type":"","overlay-color":"","overlay-opacity":"","overlay-gradient":""},"mobile":{"background-color":"var(--ast-global-color-5)","background-image":"","background-repeat":"repeat","background-position":"center center","background-size":"auto","background-attachment":"scroll","background-type":"","background-media":"","overlay-type":"","overlay-color":"","overlay-opacity":"","overlay-gradient":""}}},"product_brand":[],"product_cat":[107],"product_tag":[108,109,111,78,104,110,79],"class_list":{"0":"post-2787","1":"product","2":"type-product","3":"status-publish","4":"has-post-thumbnail","6":"product_cat-confirmation","7":"product_tag-confirmation","8":"product_tag-envelope","9":"product_tag-ferming","10":"product_tag-gift","11":"product_tag-handmade","12":"product_tag-many-envelopes","13":"product_tag-present","14":"product_shipping_class-iceland-cards","15":"desktop-align-left","16":"tablet-align-left","17":"mobile-align-left","19":"first","20":"instock","21":"shipping-taxable","22":"purchasable","23":"product-type-simple"},"aioseo_notices":[],"_links":{"self":[{"href":"https:\/\/eyjagjof.is\/is\/wp-json\/wp\/v2\/product\/2787","targetHints":{"allow":["GET"]}}],"collection":[{"href":"https:\/\/eyjagjof.is\/is\/wp-json\/wp\/v2\/product"}],"about":[{"href":"https:\/\/eyjagjof.is\/is\/wp-json\/wp\/v2\/types\/product"}],"replies":[{"embeddable":true,"href":"https:\/\/eyjagjof.is\/is\/wp-json\/wp\/v2\/comments?post=2787"}],"version-history":[{"count":0,"href":"https:\/\/eyjagjof.is\/is\/wp-json\/wp\/v2\/product\/2787\/revisions"}],"wp:featuredmedia":[{"embeddable":true,"href":"https:\/\/eyjagjof.is\/is\/wp-json\/wp\/v2\/media\/2785"}],"wp:attachment":[{"href":"https:\/\/eyjagjof.is\/is\/wp-json\/wp\/v2\/media?parent=2787"}],"wp:term":[{"taxonomy":"product_brand","embeddable":true,"href":"https:\/\/eyjagjof.is\/is\/wp-json\/wp\/v2\/product_brand?post=2787"},{"taxonomy":"product_cat","embeddable":true,"href":"https:\/\/eyjagjof.is\/is\/wp-json\/wp\/v2\/product_cat?post=2787"},{"taxonomy":"product_tag","embeddable":true,"href":"https:\/\/eyjagjof.is\/is\/wp-json\/wp\/v2\/product_tag?post=2787"}],"curies":[{"name":"wp","href":"https:\/\/api.w.org\/{rel}","templated":true}]}}