{"id":2771,"date":"2026-02-14T15:11:26","date_gmt":"2026-02-14T15:11:26","guid":{"rendered":"https:\/\/eyjagjof.is\/product\/confirmation-money-envelope-boy-glitter\/"},"modified":"2026-04-10T14:46:52","modified_gmt":"2026-04-10T14:46:52","slug":"confirmation-money-envelope-boy-glitter","status":"publish","type":"product","link":"https:\/\/eyjagjof.is\/is\/product\/confirmation-money-envelope-boy-glitter\/","title":{"rendered":"Confirmation Money Envelope \u2013 Boy (Glitter) Deluxe"},"content":{"rendered":"<p>St\u00e6r\u00f0: 16 \u00d7 9 cm<\/p>\n<p>St\u00edlhreint handgert peningaumslag fyrir fermingu drengs \u00ed fallegum bl\u00e1um lit \ud83d\udc99<\/p>\n<p>\u00c1 umslaginu er glitrandi \u00e1letrun \u201eferming\u201d \u00far bl\u00e1um glitter-vinyl sem gefur \u00fev\u00ed h\u00e1t\u00ed\u00f0legan og n\u00fat\u00edmalegan svip \u2728<\/p>\n<p>Fullkomi\u00f0 til a\u00f0 gefa peningagj\u00f6f e\u00f0a gjafakort \u00e1 fermingardaginn.<\/p>\n<p>Einf\u00f6ld, minimal\u00edsk og gl\u00e6sileg h\u00f6nnun.<\/p>","protected":false},"excerpt":{"rendered":"<p>Bl\u00e1tt handgert peningaumslag fyrir fermingu drengs me\u00f0 glitrandi \u201eferming\u201d \u00e1letrun.<\/p>","protected":false},"featured_media":2770,"comment_status":"open","ping_status":"closed","template":"","meta":{"site-sidebar-layout":"default","site-content-layout":"","ast-site-content-layout":"default","site-content-style":"default","site-sidebar-style":"default","ast-global-header-display":"","ast-banner-title-visibility":"","ast-main-header-display":"","ast-hfb-above-header-display":"","ast-hfb-below-header-display":"","ast-hfb-mobile-header-display":"","site-post-title":"","ast-breadcrumbs-content":"","ast-featured-img":"","footer-sml-layout":"","ast-disable-related-posts":"","theme-transparent-header-meta":"","adv-header-id-meta":"","stick-header-meta":"","header-above-stick-meta":"","header-main-stick-meta":"","header-below-stick-meta":"","astra-migrate-meta-layouts":"default","ast-page-background-enabled":"default","ast-page-background-meta":{"desktop":{"background-color":"var(--ast-global-color-4)","background-image":"","background-repeat":"repeat","background-position":"center center","background-size":"auto","background-attachment":"scroll","background-type":"","background-media":"","overlay-type":"","overlay-color":"","overlay-opacity":"","overlay-gradient":""},"tablet":{"background-color":"","background-image":"","background-repeat":"repeat","background-position":"center center","background-size":"auto","background-attachment":"scroll","background-type":"","background-media":"","overlay-type":"","overlay-color":"","overlay-opacity":"","overlay-gradient":""},"mobile":{"background-color":"","background-image":"","background-repeat":"repeat","background-position":"center center","background-size":"auto","background-attachment":"scroll","background-type":"","background-media":"","overlay-type":"","overlay-color":"","overlay-opacity":"","overlay-gradient":""}},"ast-content-background-meta":{"desktop":{"background-color":"var(--ast-global-color-5)","background-image":"","background-repeat":"repeat","background-position":"center center","background-size":"auto","background-attachment":"scroll","background-type":"","background-media":"","overlay-type":"","overlay-color":"","overlay-opacity":"","overlay-gradient":""},"tablet":{"background-color":"var(--ast-global-color-5)","background-image":"","background-repeat":"repeat","background-position":"center center","background-size":"auto","background-attachment":"scroll","background-type":"","background-media":"","overlay-type":"","overlay-color":"","overlay-opacity":"","overlay-gradient":""},"mobile":{"background-color":"var(--ast-global-color-5)","background-image":"","background-repeat":"repeat","background-position":"center center","background-size":"auto","background-attachment":"scroll","background-type":"","background-media":"","overlay-type":"","overlay-color":"","overlay-opacity":"","overlay-gradient":""}}},"product_brand":[],"product_cat":[107],"product_tag":[34,108,109,111,78,104,110,79],"class_list":{"0":"post-2771","1":"product","2":"type-product","3":"status-publish","4":"has-post-thumbnail","6":"product_cat-confirmation","7":"product_tag-cards","8":"product_tag-confirmation","9":"product_tag-envelope","10":"product_tag-ferming","11":"product_tag-gift","12":"product_tag-handmade","13":"product_tag-many-envelopes","14":"product_tag-present","15":"product_shipping_class-iceland-cards","16":"desktop-align-left","17":"tablet-align-left","18":"mobile-align-left","20":"first","21":"instock","22":"shipping-taxable","23":"purchasable","24":"product-type-simple"},"aioseo_notices":[],"_links":{"self":[{"href":"https:\/\/eyjagjof.is\/is\/wp-json\/wp\/v2\/product\/2771","targetHints":{"allow":["GET"]}}],"collection":[{"href":"https:\/\/eyjagjof.is\/is\/wp-json\/wp\/v2\/product"}],"about":[{"href":"https:\/\/eyjagjof.is\/is\/wp-json\/wp\/v2\/types\/product"}],"replies":[{"embeddable":true,"href":"https:\/\/eyjagjof.is\/is\/wp-json\/wp\/v2\/comments?post=2771"}],"version-history":[{"count":1,"href":"https:\/\/eyjagjof.is\/is\/wp-json\/wp\/v2\/product\/2771\/revisions"}],"predecessor-version":[{"id":2818,"href":"https:\/\/eyjagjof.is\/is\/wp-json\/wp\/v2\/product\/2771\/revisions\/2818"}],"wp:featuredmedia":[{"embeddable":true,"href":"https:\/\/eyjagjof.is\/is\/wp-json\/wp\/v2\/media\/2770"}],"wp:attachment":[{"href":"https:\/\/eyjagjof.is\/is\/wp-json\/wp\/v2\/media?parent=2771"}],"wp:term":[{"taxonomy":"product_brand","embeddable":true,"href":"https:\/\/eyjagjof.is\/is\/wp-json\/wp\/v2\/product_brand?post=2771"},{"taxonomy":"product_cat","embeddable":true,"href":"https:\/\/eyjagjof.is\/is\/wp-json\/wp\/v2\/product_cat?post=2771"},{"taxonomy":"product_tag","embeddable":true,"href":"https:\/\/eyjagjof.is\/is\/wp-json\/wp\/v2\/product_tag?post=2771"}],"curies":[{"name":"wp","href":"https:\/\/api.w.org\/{rel}","templated":true}]}}