{"id":2765,"date":"2026-02-14T14:32:53","date_gmt":"2026-02-14T14:32:53","guid":{"rendered":"https:\/\/eyjagjof.is\/product\/confirmation-money-envelope\/"},"modified":"2026-04-04T13:51:39","modified_gmt":"2026-04-04T13:51:39","slug":"confirmation-money-envelope","status":"publish","type":"product","link":"https:\/\/eyjagjof.is\/is\/product\/confirmation-money-envelope\/","title":{"rendered":"Peningaumslag fyrir fermingu"},"content":{"rendered":"<p>St\u00e6r\u00f0: 16 \u00d7 11 cm<\/p>\n<p>A beautiful handmade money envelope for a boy\u2019s confirmation in a soft gold color<\/p>\n<p>Umslagi\u00f0 er skreytt me\u00f0 st\u00edlhreinni slaufu \u00ed formi fi\u00f0rildis (eins og bindi) og litlum hn\u00f6ppum sem gefa \u00fev\u00ed s\u00e6tan og f\u00e1ga\u00f0an svip \u2728<\/p>\n<p>Fullkomi\u00f0 til a\u00f0 gefa peningagj\u00f6f e\u00f0a gjafakort \u00e1 fermingardaginn.<\/p>\n<p>Einf\u00f6ld og klass\u00edsk h\u00f6nnun sem passar vel fyrir \u00feetta mikilv\u00e6ga tilefni.<\/p>","protected":false},"excerpt":{"rendered":"<p>Handgert bl\u00e1tt peningaumslag fyrir fermingu drengs me\u00f0 s\u00e6tum slaufuskreytingum.<\/p>","protected":false},"featured_media":2839,"comment_status":"open","ping_status":"closed","template":"","meta":{"site-sidebar-layout":"default","site-content-layout":"","ast-site-content-layout":"default","site-content-style":"default","site-sidebar-style":"default","ast-global-header-display":"","ast-banner-title-visibility":"","ast-main-header-display":"","ast-hfb-above-header-display":"","ast-hfb-below-header-display":"","ast-hfb-mobile-header-display":"","site-post-title":"","ast-breadcrumbs-content":"","ast-featured-img":"","footer-sml-layout":"","ast-disable-related-posts":"","theme-transparent-header-meta":"","adv-header-id-meta":"","stick-header-meta":"","header-above-stick-meta":"","header-main-stick-meta":"","header-below-stick-meta":"","astra-migrate-meta-layouts":"default","ast-page-background-enabled":"default","ast-page-background-meta":{"desktop":{"background-color":"var(--ast-global-color-4)","background-image":"","background-repeat":"repeat","background-position":"center center","background-size":"auto","background-attachment":"scroll","background-type":"","background-media":"","overlay-type":"","overlay-color":"","overlay-opacity":"","overlay-gradient":""},"tablet":{"background-color":"","background-image":"","background-repeat":"repeat","background-position":"center center","background-size":"auto","background-attachment":"scroll","background-type":"","background-media":"","overlay-type":"","overlay-color":"","overlay-opacity":"","overlay-gradient":""},"mobile":{"background-color":"","background-image":"","background-repeat":"repeat","background-position":"center center","background-size":"auto","background-attachment":"scroll","background-type":"","background-media":"","overlay-type":"","overlay-color":"","overlay-opacity":"","overlay-gradient":""}},"ast-content-background-meta":{"desktop":{"background-color":"var(--ast-global-color-5)","background-image":"","background-repeat":"repeat","background-position":"center center","background-size":"auto","background-attachment":"scroll","background-type":"","background-media":"","overlay-type":"","overlay-color":"","overlay-opacity":"","overlay-gradient":""},"tablet":{"background-color":"var(--ast-global-color-5)","background-image":"","background-repeat":"repeat","background-position":"center center","background-size":"auto","background-attachment":"scroll","background-type":"","background-media":"","overlay-type":"","overlay-color":"","overlay-opacity":"","overlay-gradient":""},"mobile":{"background-color":"var(--ast-global-color-5)","background-image":"","background-repeat":"repeat","background-position":"center center","background-size":"auto","background-attachment":"scroll","background-type":"","background-media":"","overlay-type":"","overlay-color":"","overlay-opacity":"","overlay-gradient":""}}},"product_brand":[],"product_cat":[107],"product_tag":[34,108,109,111,78,110,79],"class_list":{"0":"post-2765","1":"product","2":"type-product","3":"status-publish","4":"has-post-thumbnail","6":"product_cat-confirmation","7":"product_tag-cards","8":"product_tag-confirmation","9":"product_tag-envelope","10":"product_tag-ferming","11":"product_tag-gift","12":"product_tag-many-envelopes","13":"product_tag-present","14":"product_shipping_class-iceland-cards","15":"desktop-align-left","16":"tablet-align-left","17":"mobile-align-left","19":"first","20":"outofstock","21":"shipping-taxable","22":"purchasable","23":"product-type-simple"},"aioseo_notices":[],"_links":{"self":[{"href":"https:\/\/eyjagjof.is\/is\/wp-json\/wp\/v2\/product\/2765","targetHints":{"allow":["GET"]}}],"collection":[{"href":"https:\/\/eyjagjof.is\/is\/wp-json\/wp\/v2\/product"}],"about":[{"href":"https:\/\/eyjagjof.is\/is\/wp-json\/wp\/v2\/types\/product"}],"replies":[{"embeddable":true,"href":"https:\/\/eyjagjof.is\/is\/wp-json\/wp\/v2\/comments?post=2765"}],"version-history":[{"count":1,"href":"https:\/\/eyjagjof.is\/is\/wp-json\/wp\/v2\/product\/2765\/revisions"}],"predecessor-version":[{"id":2840,"href":"https:\/\/eyjagjof.is\/is\/wp-json\/wp\/v2\/product\/2765\/revisions\/2840"}],"wp:featuredmedia":[{"embeddable":true,"href":"https:\/\/eyjagjof.is\/is\/wp-json\/wp\/v2\/media\/2839"}],"wp:attachment":[{"href":"https:\/\/eyjagjof.is\/is\/wp-json\/wp\/v2\/media?parent=2765"}],"wp:term":[{"taxonomy":"product_brand","embeddable":true,"href":"https:\/\/eyjagjof.is\/is\/wp-json\/wp\/v2\/product_brand?post=2765"},{"taxonomy":"product_cat","embeddable":true,"href":"https:\/\/eyjagjof.is\/is\/wp-json\/wp\/v2\/product_cat?post=2765"},{"taxonomy":"product_tag","embeddable":true,"href":"https:\/\/eyjagjof.is\/is\/wp-json\/wp\/v2\/product_tag?post=2765"}],"curies":[{"name":"wp","href":"https:\/\/api.w.org\/{rel}","templated":true}]}}