{"id":2669,"date":"2025-11-27T13:51:31","date_gmt":"2025-11-27T13:51:31","guid":{"rendered":"https:\/\/eyjagjof.is\/product\/reindeer-candy-holders-set-of-6\/"},"modified":"2025-11-27T13:51:34","modified_gmt":"2025-11-27T13:51:34","slug":"reindeer-candy-holders-set-of-6","status":"publish","type":"product","link":"https:\/\/eyjagjof.is\/is\/product\/reindeer-candy-holders-set-of-6\/","title":{"rendered":"S\u00e6lg\u00e6tis haldarar \u2013 litlir hreind\u00fdr (6 stk."},"content":{"rendered":"<p>S\u00e6tir og skemmtilegir s\u00e6lg\u00e6tishaldarar \u00ed formi hreind\u00fdra. \u00cd hverjum pakka eru 6 stykki. \u00deeir eru fullkomnir sem l\u00edtil j\u00f3la\u00e1hersla, h\u00e6gt er a\u00f0 hengja \u00fe\u00e1 \u00e1 j\u00f3latr\u00e9\u00f0 e\u00f0a nota sem fallega skreytingu \u00e1 bor\u00f0i\u00f0.<\/p>\n<p>B\u00f6rn jafnt sem gestir munu elska \u00feessa kr\u00fattlegu j\u00f3ladetali \ud83c\udf84\u2728<\/p>","protected":false},"excerpt":{"rendered":"<p>S\u00e6tir hreind\u00fdra-s\u00e6lg\u00e6tishaldarar (6 stk.) sem h\u00e6gt er a\u00f0 hengja \u00e1 j\u00f3latr\u00e9\u00f0. \ud83c\udf84\ud83e\udd8c<\/p>","protected":false},"featured_media":2667,"comment_status":"open","ping_status":"closed","template":"","meta":{"site-sidebar-layout":"default","site-content-layout":"","ast-site-content-layout":"default","site-content-style":"default","site-sidebar-style":"default","ast-global-header-display":"","ast-banner-title-visibility":"","ast-main-header-display":"","ast-hfb-above-header-display":"","ast-hfb-below-header-display":"","ast-hfb-mobile-header-display":"","site-post-title":"","ast-breadcrumbs-content":"","ast-featured-img":"","footer-sml-layout":"","ast-disable-related-posts":"","theme-transparent-header-meta":"","adv-header-id-meta":"","stick-header-meta":"","header-above-stick-meta":"","header-main-stick-meta":"","header-below-stick-meta":"","astra-migrate-meta-layouts":"default","ast-page-background-enabled":"default","ast-page-background-meta":{"desktop":{"background-color":"var(--ast-global-color-4)","background-image":"","background-repeat":"repeat","background-position":"center center","background-size":"auto","background-attachment":"scroll","background-type":"","background-media":"","overlay-type":"","overlay-color":"","overlay-opacity":"","overlay-gradient":""},"tablet":{"background-color":"","background-image":"","background-repeat":"repeat","background-position":"center center","background-size":"auto","background-attachment":"scroll","background-type":"","background-media":"","overlay-type":"","overlay-color":"","overlay-opacity":"","overlay-gradient":""},"mobile":{"background-color":"","background-image":"","background-repeat":"repeat","background-position":"center center","background-size":"auto","background-attachment":"scroll","background-type":"","background-media":"","overlay-type":"","overlay-color":"","overlay-opacity":"","overlay-gradient":""}},"ast-content-background-meta":{"desktop":{"background-color":"var(--ast-global-color-5)","background-image":"","background-repeat":"repeat","background-position":"center center","background-size":"auto","background-attachment":"scroll","background-type":"","background-media":"","overlay-type":"","overlay-color":"","overlay-opacity":"","overlay-gradient":""},"tablet":{"background-color":"var(--ast-global-color-5)","background-image":"","background-repeat":"repeat","background-position":"center center","background-size":"auto","background-attachment":"scroll","background-type":"","background-media":"","overlay-type":"","overlay-color":"","overlay-opacity":"","overlay-gradient":""},"mobile":{"background-color":"var(--ast-global-color-5)","background-image":"","background-repeat":"repeat","background-position":"center center","background-size":"auto","background-attachment":"scroll","background-type":"","background-media":"","overlay-type":"","overlay-color":"","overlay-opacity":"","overlay-gradient":""}}},"product_brand":[],"product_cat":[90],"product_tag":[33,91,82,78,32,79],"class_list":{"0":"post-2669","1":"product","2":"type-product","3":"status-publish","4":"has-post-thumbnail","6":"product_cat-christmas","7":"product_tag-children","8":"product_tag-christmas","9":"product_tag-decor","10":"product_tag-gift","11":"product_tag-kids","12":"product_tag-present","13":"product_shipping_class-iceland-cards","14":"desktop-align-left","15":"tablet-align-left","16":"mobile-align-left","18":"first","19":"instock","20":"shipping-taxable","21":"purchasable","22":"product-type-simple"},"aioseo_notices":[],"_links":{"self":[{"href":"https:\/\/eyjagjof.is\/is\/wp-json\/wp\/v2\/product\/2669","targetHints":{"allow":["GET"]}}],"collection":[{"href":"https:\/\/eyjagjof.is\/is\/wp-json\/wp\/v2\/product"}],"about":[{"href":"https:\/\/eyjagjof.is\/is\/wp-json\/wp\/v2\/types\/product"}],"replies":[{"embeddable":true,"href":"https:\/\/eyjagjof.is\/is\/wp-json\/wp\/v2\/comments?post=2669"}],"version-history":[{"count":0,"href":"https:\/\/eyjagjof.is\/is\/wp-json\/wp\/v2\/product\/2669\/revisions"}],"wp:featuredmedia":[{"embeddable":true,"href":"https:\/\/eyjagjof.is\/is\/wp-json\/wp\/v2\/media\/2667"}],"wp:attachment":[{"href":"https:\/\/eyjagjof.is\/is\/wp-json\/wp\/v2\/media?parent=2669"}],"wp:term":[{"taxonomy":"product_brand","embeddable":true,"href":"https:\/\/eyjagjof.is\/is\/wp-json\/wp\/v2\/product_brand?post=2669"},{"taxonomy":"product_cat","embeddable":true,"href":"https:\/\/eyjagjof.is\/is\/wp-json\/wp\/v2\/product_cat?post=2669"},{"taxonomy":"product_tag","embeddable":true,"href":"https:\/\/eyjagjof.is\/is\/wp-json\/wp\/v2\/product_tag?post=2669"}],"curies":[{"name":"wp","href":"https:\/\/api.w.org\/{rel}","templated":true}]}}