{"id":2665,"date":"2025-11-27T12:21:40","date_gmt":"2025-11-27T12:21:40","guid":{"rendered":"https:\/\/eyjagjof.is\/product\/red-christmas-card-with-silver-snowflake-and-gledileg-jol-2\/"},"modified":"2025-11-27T12:21:43","modified_gmt":"2025-11-27T12:21:43","slug":"red-christmas-card-with-silver-snowflake-and-gledileg-jol-2","status":"publish","type":"product","link":"https:\/\/eyjagjof.is\/is\/product\/red-christmas-card-with-silver-snowflake-and-gledileg-jol-2\/","title":{"rendered":"Rautt j\u00f3lakort me\u00f0 silfursnj\u00f3korn og \u201eGle\u00f0ileg j\u00f3l\u201c"},"content":{"rendered":"<p>Handgert j\u00f3lakort \u00ed rau\u00f0um t\u00f3num me\u00f0 hreinum hv\u00edtum \u00e1herslum. \u00cd mi\u00f0junni er st\u00f3r glitrandi silfursnj\u00f3korn me\u00f0 \u00e1letruninni \u201eGle\u00f0ileg j\u00f3l\u201c. Klass\u00edsk og h\u00e1t\u00ed\u00f0leg h\u00f6nnun sem skapar fallega j\u00f3lastemningu. \u2744\ufe0f\ud83c\udf84\u2728<\/p>","protected":false},"excerpt":{"rendered":"<p>Rautt j\u00f3lakort me\u00f0 st\u00f3rum silfursnj\u00f3korni og \u201eGle\u00f0ileg j\u00f3l\u201c<\/p>","protected":false},"featured_media":2664,"comment_status":"open","ping_status":"closed","template":"","meta":{"site-sidebar-layout":"default","site-content-layout":"","ast-site-content-layout":"default","site-content-style":"default","site-sidebar-style":"default","ast-global-header-display":"","ast-banner-title-visibility":"","ast-main-header-display":"","ast-hfb-above-header-display":"","ast-hfb-below-header-display":"","ast-hfb-mobile-header-display":"","site-post-title":"","ast-breadcrumbs-content":"","ast-featured-img":"","footer-sml-layout":"","ast-disable-related-posts":"","theme-transparent-header-meta":"","adv-header-id-meta":"","stick-header-meta":"","header-above-stick-meta":"","header-main-stick-meta":"","header-below-stick-meta":"","astra-migrate-meta-layouts":"default","ast-page-background-enabled":"default","ast-page-background-meta":{"desktop":{"background-color":"var(--ast-global-color-4)","background-image":"","background-repeat":"repeat","background-position":"center center","background-size":"auto","background-attachment":"scroll","background-type":"","background-media":"","overlay-type":"","overlay-color":"","overlay-opacity":"","overlay-gradient":""},"tablet":{"background-color":"","background-image":"","background-repeat":"repeat","background-position":"center center","background-size":"auto","background-attachment":"scroll","background-type":"","background-media":"","overlay-type":"","overlay-color":"","overlay-opacity":"","overlay-gradient":""},"mobile":{"background-color":"","background-image":"","background-repeat":"repeat","background-position":"center center","background-size":"auto","background-attachment":"scroll","background-type":"","background-media":"","overlay-type":"","overlay-color":"","overlay-opacity":"","overlay-gradient":""}},"ast-content-background-meta":{"desktop":{"background-color":"var(--ast-global-color-5)","background-image":"","background-repeat":"repeat","background-position":"center center","background-size":"auto","background-attachment":"scroll","background-type":"","background-media":"","overlay-type":"","overlay-color":"","overlay-opacity":"","overlay-gradient":""},"tablet":{"background-color":"var(--ast-global-color-5)","background-image":"","background-repeat":"repeat","background-position":"center center","background-size":"auto","background-attachment":"scroll","background-type":"","background-media":"","overlay-type":"","overlay-color":"","overlay-opacity":"","overlay-gradient":""},"mobile":{"background-color":"var(--ast-global-color-5)","background-image":"","background-repeat":"repeat","background-position":"center center","background-size":"auto","background-attachment":"scroll","background-type":"","background-media":"","overlay-type":"","overlay-color":"","overlay-opacity":"","overlay-gradient":""}}},"product_brand":[],"product_cat":[90],"product_tag":[34,91,78,104,79],"class_list":{"0":"post-2665","1":"product","2":"type-product","3":"status-publish","4":"has-post-thumbnail","6":"product_cat-christmas","7":"product_tag-cards","8":"product_tag-christmas","9":"product_tag-gift","10":"product_tag-handmade","11":"product_tag-present","12":"product_shipping_class-iceland-cards","13":"desktop-align-left","14":"tablet-align-left","15":"mobile-align-left","17":"first","18":"instock","19":"shipping-taxable","20":"purchasable","21":"product-type-simple"},"aioseo_notices":[],"_links":{"self":[{"href":"https:\/\/eyjagjof.is\/is\/wp-json\/wp\/v2\/product\/2665","targetHints":{"allow":["GET"]}}],"collection":[{"href":"https:\/\/eyjagjof.is\/is\/wp-json\/wp\/v2\/product"}],"about":[{"href":"https:\/\/eyjagjof.is\/is\/wp-json\/wp\/v2\/types\/product"}],"replies":[{"embeddable":true,"href":"https:\/\/eyjagjof.is\/is\/wp-json\/wp\/v2\/comments?post=2665"}],"version-history":[{"count":0,"href":"https:\/\/eyjagjof.is\/is\/wp-json\/wp\/v2\/product\/2665\/revisions"}],"wp:featuredmedia":[{"embeddable":true,"href":"https:\/\/eyjagjof.is\/is\/wp-json\/wp\/v2\/media\/2664"}],"wp:attachment":[{"href":"https:\/\/eyjagjof.is\/is\/wp-json\/wp\/v2\/media?parent=2665"}],"wp:term":[{"taxonomy":"product_brand","embeddable":true,"href":"https:\/\/eyjagjof.is\/is\/wp-json\/wp\/v2\/product_brand?post=2665"},{"taxonomy":"product_cat","embeddable":true,"href":"https:\/\/eyjagjof.is\/is\/wp-json\/wp\/v2\/product_cat?post=2665"},{"taxonomy":"product_tag","embeddable":true,"href":"https:\/\/eyjagjof.is\/is\/wp-json\/wp\/v2\/product_tag?post=2665"}],"curies":[{"name":"wp","href":"https:\/\/api.w.org\/{rel}","templated":true}]}}