{"id":2638,"date":"2025-11-15T12:10:58","date_gmt":"2025-11-15T12:10:58","guid":{"rendered":"https:\/\/eyjagjof.is\/?post_type=product&#038;p=2638"},"modified":"2025-11-15T12:14:11","modified_gmt":"2025-11-15T12:14:11","slug":"white-christmas-card-with-poinsettia","status":"publish","type":"product","link":"https:\/\/eyjagjof.is\/is\/product\/white-christmas-card-with-poinsettia\/","title":{"rendered":"Hv\u00edt j\u00f3lakort me\u00f0 j\u00f3labl\u00f3mi"},"content":{"rendered":"<p>Handger\u00f0 j\u00f3lakort me\u00f0 hv\u00edtum bakgrunni og fallegri j\u00f3labl\u00f3msh\u00f6nnun (poinsettia). Tilvali\u00f0 \u00ed tvo liti: lj\u00f3sgr\u00e6n e\u00f0a rau\u00f0 texti, sem gefur kortinu l\u00edflega og h\u00e1t\u00ed\u00f0lega stemmingu. Fullkomi\u00f0 til a\u00f0 senda hl\u00fdjar j\u00f3lakve\u00f0jur e\u00f0a pr\u00fd\u00f0a gj\u00f6f. \ud83c\udf39\ud83d\udc9b\u2728<\/p>","protected":false},"excerpt":{"rendered":"<p>Hv\u00edt j\u00f3lakort me\u00f0 j\u00f3labl\u00f3mi og tveimur litatilbrig\u00f0um texta. \ud83c\udf39\ud83d\udc9b\u2728<\/p>","protected":false},"featured_media":2636,"comment_status":"open","ping_status":"closed","template":"","meta":{"site-sidebar-layout":"default","site-content-layout":"","ast-site-content-layout":"default","site-content-style":"default","site-sidebar-style":"default","ast-global-header-display":"","ast-banner-title-visibility":"","ast-main-header-display":"","ast-hfb-above-header-display":"","ast-hfb-below-header-display":"","ast-hfb-mobile-header-display":"","site-post-title":"","ast-breadcrumbs-content":"","ast-featured-img":"","footer-sml-layout":"","ast-disable-related-posts":"","theme-transparent-header-meta":"","adv-header-id-meta":"","stick-header-meta":"","header-above-stick-meta":"","header-main-stick-meta":"","header-below-stick-meta":"","astra-migrate-meta-layouts":"default","ast-page-background-enabled":"default","ast-page-background-meta":{"desktop":{"background-color":"var(--ast-global-color-4)","background-image":"","background-repeat":"repeat","background-position":"center center","background-size":"auto","background-attachment":"scroll","background-type":"","background-media":"","overlay-type":"","overlay-color":"","overlay-opacity":"","overlay-gradient":""},"tablet":{"background-color":"","background-image":"","background-repeat":"repeat","background-position":"center center","background-size":"auto","background-attachment":"scroll","background-type":"","background-media":"","overlay-type":"","overlay-color":"","overlay-opacity":"","overlay-gradient":""},"mobile":{"background-color":"","background-image":"","background-repeat":"repeat","background-position":"center center","background-size":"auto","background-attachment":"scroll","background-type":"","background-media":"","overlay-type":"","overlay-color":"","overlay-opacity":"","overlay-gradient":""}},"ast-content-background-meta":{"desktop":{"background-color":"var(--ast-global-color-5)","background-image":"","background-repeat":"repeat","background-position":"center center","background-size":"auto","background-attachment":"scroll","background-type":"","background-media":"","overlay-type":"","overlay-color":"","overlay-opacity":"","overlay-gradient":""},"tablet":{"background-color":"var(--ast-global-color-5)","background-image":"","background-repeat":"repeat","background-position":"center center","background-size":"auto","background-attachment":"scroll","background-type":"","background-media":"","overlay-type":"","overlay-color":"","overlay-opacity":"","overlay-gradient":""},"mobile":{"background-color":"var(--ast-global-color-5)","background-image":"","background-repeat":"repeat","background-position":"center center","background-size":"auto","background-attachment":"scroll","background-type":"","background-media":"","overlay-type":"","overlay-color":"","overlay-opacity":"","overlay-gradient":""}}},"product_brand":[],"product_cat":[90],"product_tag":[34,91,82,78,79],"class_list":{"0":"post-2638","1":"product","2":"type-product","3":"status-publish","4":"has-post-thumbnail","6":"product_cat-christmas","7":"product_tag-cards","8":"product_tag-christmas","9":"product_tag-decor","10":"product_tag-gift","11":"product_tag-present","12":"product_shipping_class-iceland-cards","13":"desktop-align-left","14":"tablet-align-left","15":"mobile-align-left","17":"first","18":"instock","19":"shipping-taxable","20":"purchasable","21":"product-type-variable"},"aioseo_notices":[],"_links":{"self":[{"href":"https:\/\/eyjagjof.is\/is\/wp-json\/wp\/v2\/product\/2638","targetHints":{"allow":["GET"]}}],"collection":[{"href":"https:\/\/eyjagjof.is\/is\/wp-json\/wp\/v2\/product"}],"about":[{"href":"https:\/\/eyjagjof.is\/is\/wp-json\/wp\/v2\/types\/product"}],"replies":[{"embeddable":true,"href":"https:\/\/eyjagjof.is\/is\/wp-json\/wp\/v2\/comments?post=2638"}],"version-history":[{"count":1,"href":"https:\/\/eyjagjof.is\/is\/wp-json\/wp\/v2\/product\/2638\/revisions"}],"predecessor-version":[{"id":2642,"href":"https:\/\/eyjagjof.is\/is\/wp-json\/wp\/v2\/product\/2638\/revisions\/2642"}],"wp:featuredmedia":[{"embeddable":true,"href":"https:\/\/eyjagjof.is\/is\/wp-json\/wp\/v2\/media\/2636"}],"wp:attachment":[{"href":"https:\/\/eyjagjof.is\/is\/wp-json\/wp\/v2\/media?parent=2638"}],"wp:term":[{"taxonomy":"product_brand","embeddable":true,"href":"https:\/\/eyjagjof.is\/is\/wp-json\/wp\/v2\/product_brand?post=2638"},{"taxonomy":"product_cat","embeddable":true,"href":"https:\/\/eyjagjof.is\/is\/wp-json\/wp\/v2\/product_cat?post=2638"},{"taxonomy":"product_tag","embeddable":true,"href":"https:\/\/eyjagjof.is\/is\/wp-json\/wp\/v2\/product_tag?post=2638"}],"curies":[{"name":"wp","href":"https:\/\/api.w.org\/{rel}","templated":true}]}}