{"id":2606,"date":"2025-11-15T10:34:50","date_gmt":"2025-11-15T10:34:50","guid":{"rendered":"https:\/\/eyjagjof.is\/product\/puffin-in-santas-sleigh\/"},"modified":"2025-11-15T11:28:26","modified_gmt":"2025-11-15T11:28:26","slug":"puffin-in-santas-sleigh","status":"publish","type":"product","link":"https:\/\/eyjagjof.is\/is\/product\/puffin-in-santas-sleigh\/","title":{"rendered":"Lundi \u00ed sle\u00f0a j\u00f3lasveinsins"},"content":{"rendered":"<p>Handger\u00f0 j\u00f3lakort me\u00f0 skemmtilegri mynd af lunda \u00ed sle\u00f0a j\u00f3lasveinsins, sitjandi \u00ed vetrarsk\u00f3gi me\u00f0 gjafapokum s\u00e9r vi\u00f0 hli\u00f0. Korti\u00f0 fangar h\u00e1t\u00ed\u00f0lega stemmningu og er fullkomi\u00f0 til a\u00f0 senda hl\u00fdjar \u00f3skir \u00ed desember. \ud83d\udc27\ud83c\udf84\u2728<\/p>\n<p>Hluti af j\u00f3lalundaser\u00edunni \u2013 sj\u00e1\u00f0u fleiri v\u00f6rur \u00ed \u201etengdar v\u00f6rur\u201c<\/p>","protected":false},"excerpt":{"rendered":"<p>J\u00f3lakort me\u00f0 lunda \u00ed sle\u00f0a j\u00f3lasveinsins \u00ed vetrarsk\u00f3gi. \ud83d\udc27\u2728<\/p>","protected":false},"featured_media":2604,"comment_status":"open","ping_status":"closed","template":"","meta":{"site-sidebar-layout":"default","site-content-layout":"","ast-site-content-layout":"default","site-content-style":"default","site-sidebar-style":"default","ast-global-header-display":"","ast-banner-title-visibility":"","ast-main-header-display":"","ast-hfb-above-header-display":"","ast-hfb-below-header-display":"","ast-hfb-mobile-header-display":"","site-post-title":"","ast-breadcrumbs-content":"","ast-featured-img":"","footer-sml-layout":"","ast-disable-related-posts":"","theme-transparent-header-meta":"","adv-header-id-meta":"","stick-header-meta":"","header-above-stick-meta":"","header-main-stick-meta":"","header-below-stick-meta":"","astra-migrate-meta-layouts":"default","ast-page-background-enabled":"default","ast-page-background-meta":{"desktop":{"background-color":"var(--ast-global-color-4)","background-image":"","background-repeat":"repeat","background-position":"center center","background-size":"auto","background-attachment":"scroll","background-type":"","background-media":"","overlay-type":"","overlay-color":"","overlay-opacity":"","overlay-gradient":""},"tablet":{"background-color":"","background-image":"","background-repeat":"repeat","background-position":"center center","background-size":"auto","background-attachment":"scroll","background-type":"","background-media":"","overlay-type":"","overlay-color":"","overlay-opacity":"","overlay-gradient":""},"mobile":{"background-color":"","background-image":"","background-repeat":"repeat","background-position":"center center","background-size":"auto","background-attachment":"scroll","background-type":"","background-media":"","overlay-type":"","overlay-color":"","overlay-opacity":"","overlay-gradient":""}},"ast-content-background-meta":{"desktop":{"background-color":"var(--ast-global-color-5)","background-image":"","background-repeat":"repeat","background-position":"center center","background-size":"auto","background-attachment":"scroll","background-type":"","background-media":"","overlay-type":"","overlay-color":"","overlay-opacity":"","overlay-gradient":""},"tablet":{"background-color":"var(--ast-global-color-5)","background-image":"","background-repeat":"repeat","background-position":"center center","background-size":"auto","background-attachment":"scroll","background-type":"","background-media":"","overlay-type":"","overlay-color":"","overlay-opacity":"","overlay-gradient":""},"mobile":{"background-color":"var(--ast-global-color-5)","background-image":"","background-repeat":"repeat","background-position":"center center","background-size":"auto","background-attachment":"scroll","background-type":"","background-media":"","overlay-type":"","overlay-color":"","overlay-opacity":"","overlay-gradient":""}}},"product_brand":[],"product_cat":[90],"product_tag":[91,78,79,103],"class_list":{"0":"post-2606","1":"product","2":"type-product","3":"status-publish","4":"has-post-thumbnail","6":"product_cat-christmas","7":"product_tag-christmas","8":"product_tag-gift","9":"product_tag-present","10":"product_tag-puffin","11":"product_shipping_class-iceland-cards","12":"desktop-align-left","13":"tablet-align-left","14":"mobile-align-left","16":"first","17":"instock","18":"shipping-taxable","19":"purchasable","20":"product-type-simple"},"aioseo_notices":[],"_links":{"self":[{"href":"https:\/\/eyjagjof.is\/is\/wp-json\/wp\/v2\/product\/2606","targetHints":{"allow":["GET"]}}],"collection":[{"href":"https:\/\/eyjagjof.is\/is\/wp-json\/wp\/v2\/product"}],"about":[{"href":"https:\/\/eyjagjof.is\/is\/wp-json\/wp\/v2\/types\/product"}],"replies":[{"embeddable":true,"href":"https:\/\/eyjagjof.is\/is\/wp-json\/wp\/v2\/comments?post=2606"}],"version-history":[{"count":0,"href":"https:\/\/eyjagjof.is\/is\/wp-json\/wp\/v2\/product\/2606\/revisions"}],"wp:featuredmedia":[{"embeddable":true,"href":"https:\/\/eyjagjof.is\/is\/wp-json\/wp\/v2\/media\/2604"}],"wp:attachment":[{"href":"https:\/\/eyjagjof.is\/is\/wp-json\/wp\/v2\/media?parent=2606"}],"wp:term":[{"taxonomy":"product_brand","embeddable":true,"href":"https:\/\/eyjagjof.is\/is\/wp-json\/wp\/v2\/product_brand?post=2606"},{"taxonomy":"product_cat","embeddable":true,"href":"https:\/\/eyjagjof.is\/is\/wp-json\/wp\/v2\/product_cat?post=2606"},{"taxonomy":"product_tag","embeddable":true,"href":"https:\/\/eyjagjof.is\/is\/wp-json\/wp\/v2\/product_tag?post=2606"}],"curies":[{"name":"wp","href":"https:\/\/api.w.org\/{rel}","templated":true}]}}