{"id":2563,"date":"2025-11-08T13:43:15","date_gmt":"2025-11-08T13:43:15","guid":{"rendered":"https:\/\/eyjagjof.is\/product\/glass-mug-for-cold-drinks-with-gingerbread-cookie-design-%f0%9f%8e%84%f0%9f%8d%aa%e2%9c%a8\/"},"modified":"2025-11-27T11:29:50","modified_gmt":"2025-11-27T11:29:50","slug":"glass-mug-for-cold-drinks-with-gingerbread-cookie-design-%f0%9f%8e%84%f0%9f%8d%aa%e2%9c%a8","status":"publish","type":"product","link":"https:\/\/eyjagjof.is\/is\/product\/glass-mug-for-cold-drinks-with-gingerbread-cookie-design-%f0%9f%8e%84%f0%9f%8d%aa%e2%9c%a8\/","title":{"rendered":"Glerkrukka fyrir kaldar drykki me\u00f0 pipark\u00f6kumynd \ud83c\udf84\ud83c\udf6a\u2728"},"content":{"rendered":"<p>Falleg glerkrukka skreytt me\u00f0 s\u00e6tum pipark\u00f6kum sem ganga allan hringinn \u2014 eins og j\u00f3las\u00e6tindi sem fa\u00f0ma drykkinn \u00feinn.<\/p>\n<p>Fullkomin fyrir \u00edskalt kaffi, s\u00edtr\u00f3nudrykki, kak\u00f3 e\u00f0a hva\u00f0a hressandi h\u00e1t\u00ed\u00f0ardrykk sem er.<\/p>\n<p>Krukkan kemur me\u00f0 endurn\u00fdtanlegri glerstr\u00e1, sem gerir hana b\u00e6\u00f0i fallega og umhverfisv\u00e6na.<\/p>\n<p>Fr\u00e1b\u00e6r gj\u00f6f og hl\u00fdleg vi\u00f0b\u00f3t \u00ed j\u00f3laeldh\u00fasi\u00f0! \u2744\ufe0f\ud83d\udc9b\ud83c\udf79<\/p>","protected":false},"excerpt":{"rendered":"<p>Glerkrukka me\u00f0 pipark\u00f6kum + glerstr\u00e1 \u2014 h\u00e1t\u00ed\u00f0leg, s\u00e6t og fullkomin fyrir kalda drykki! \ud83c\udf84\ud83c\udf6a\u2728<\/p>","protected":false},"featured_media":2562,"comment_status":"open","ping_status":"closed","template":"","meta":{"site-sidebar-layout":"default","site-content-layout":"","ast-site-content-layout":"default","site-content-style":"default","site-sidebar-style":"default","ast-global-header-display":"","ast-banner-title-visibility":"","ast-main-header-display":"","ast-hfb-above-header-display":"","ast-hfb-below-header-display":"","ast-hfb-mobile-header-display":"","site-post-title":"","ast-breadcrumbs-content":"","ast-featured-img":"","footer-sml-layout":"","ast-disable-related-posts":"","theme-transparent-header-meta":"","adv-header-id-meta":"","stick-header-meta":"","header-above-stick-meta":"","header-main-stick-meta":"","header-below-stick-meta":"","astra-migrate-meta-layouts":"default","ast-page-background-enabled":"default","ast-page-background-meta":{"desktop":{"background-color":"var(--ast-global-color-4)","background-image":"","background-repeat":"repeat","background-position":"center center","background-size":"auto","background-attachment":"scroll","background-type":"","background-media":"","overlay-type":"","overlay-color":"","overlay-opacity":"","overlay-gradient":""},"tablet":{"background-color":"","background-image":"","background-repeat":"repeat","background-position":"center center","background-size":"auto","background-attachment":"scroll","background-type":"","background-media":"","overlay-type":"","overlay-color":"","overlay-opacity":"","overlay-gradient":""},"mobile":{"background-color":"","background-image":"","background-repeat":"repeat","background-position":"center center","background-size":"auto","background-attachment":"scroll","background-type":"","background-media":"","overlay-type":"","overlay-color":"","overlay-opacity":"","overlay-gradient":""}},"ast-content-background-meta":{"desktop":{"background-color":"var(--ast-global-color-5)","background-image":"","background-repeat":"repeat","background-position":"center center","background-size":"auto","background-attachment":"scroll","background-type":"","background-media":"","overlay-type":"","overlay-color":"","overlay-opacity":"","overlay-gradient":""},"tablet":{"background-color":"var(--ast-global-color-5)","background-image":"","background-repeat":"repeat","background-position":"center center","background-size":"auto","background-attachment":"scroll","background-type":"","background-media":"","overlay-type":"","overlay-color":"","overlay-opacity":"","overlay-gradient":""},"mobile":{"background-color":"var(--ast-global-color-5)","background-image":"","background-repeat":"repeat","background-position":"center center","background-size":"auto","background-attachment":"scroll","background-type":"","background-media":"","overlay-type":"","overlay-color":"","overlay-opacity":"","overlay-gradient":""}}},"product_brand":[],"product_cat":[90],"product_tag":[91,82],"class_list":{"0":"post-2563","1":"product","2":"type-product","3":"status-publish","4":"has-post-thumbnail","6":"product_cat-christmas","7":"product_tag-christmas","8":"product_tag-decor","9":"product_shipping_class-iceland-package-s","10":"desktop-align-left","11":"tablet-align-left","12":"mobile-align-left","14":"first","15":"outofstock","16":"shipping-taxable","17":"purchasable","18":"product-type-simple"},"aioseo_notices":[],"_links":{"self":[{"href":"https:\/\/eyjagjof.is\/is\/wp-json\/wp\/v2\/product\/2563","targetHints":{"allow":["GET"]}}],"collection":[{"href":"https:\/\/eyjagjof.is\/is\/wp-json\/wp\/v2\/product"}],"about":[{"href":"https:\/\/eyjagjof.is\/is\/wp-json\/wp\/v2\/types\/product"}],"replies":[{"embeddable":true,"href":"https:\/\/eyjagjof.is\/is\/wp-json\/wp\/v2\/comments?post=2563"}],"version-history":[{"count":0,"href":"https:\/\/eyjagjof.is\/is\/wp-json\/wp\/v2\/product\/2563\/revisions"}],"wp:featuredmedia":[{"embeddable":true,"href":"https:\/\/eyjagjof.is\/is\/wp-json\/wp\/v2\/media\/2562"}],"wp:attachment":[{"href":"https:\/\/eyjagjof.is\/is\/wp-json\/wp\/v2\/media?parent=2563"}],"wp:term":[{"taxonomy":"product_brand","embeddable":true,"href":"https:\/\/eyjagjof.is\/is\/wp-json\/wp\/v2\/product_brand?post=2563"},{"taxonomy":"product_cat","embeddable":true,"href":"https:\/\/eyjagjof.is\/is\/wp-json\/wp\/v2\/product_cat?post=2563"},{"taxonomy":"product_tag","embeddable":true,"href":"https:\/\/eyjagjof.is\/is\/wp-json\/wp\/v2\/product_tag?post=2563"}],"curies":[{"name":"wp","href":"https:\/\/api.w.org\/{rel}","templated":true}]}}