{"id":2482,"date":"2025-10-29T09:14:08","date_gmt":"2025-10-29T09:14:08","guid":{"rendered":"https:\/\/eyjagjof.is\/product\/gift-sticker-north-pole-express-spongebob\/"},"modified":"2025-11-01T17:47:47","modified_gmt":"2025-11-01T17:47:47","slug":"gift-sticker-north-pole-express-spongebob","status":"publish","type":"product","link":"https:\/\/eyjagjof.is\/is\/product\/gift-sticker-north-pole-express-spongebob\/","title":{"rendered":"Gjafami\u00f0i \u201eNorth Pole Express \u2013 SpongeBob\u201c"},"content":{"rendered":"<ul>\n<li>St\u00e6r\u00f0 8,5x11 cm<\/li>\n<\/ul>\n<p>Express \u2013 SpongeBob\u201c.\nSkemmtilegur og h\u00e1t\u00ed\u00f0legur j\u00f3lami\u00f0i \u00ed bj\u00f6rtum j\u00f3lalitum me\u00f0 SpongeBob \u00ed North Pole Express \u00feema.<\/p>\n<p>Fullkominn til a\u00f0 b\u00e6ta vi\u00f0 gla\u00f0legri og k\u00e1tari snertingu vi\u00f0 j\u00f3lagjafirnar \u00fe\u00ednar \u2014 beint fr\u00e1 gla\u00f0asta hj\u00e1lpara j\u00f3lasveinsins! \ud83c\udf84\ud83d\udc9b<\/p>","protected":false},"excerpt":{"rendered":"<p>J\u00f3lami\u00f0i \u201eNorth Pole Express\u201c me\u00f0 SpongeBob \u00ed bj\u00f6rtum j\u00f3lalitum.<\/p>","protected":false},"featured_media":2526,"comment_status":"open","ping_status":"closed","template":"","meta":{"site-sidebar-layout":"default","site-content-layout":"","ast-site-content-layout":"default","site-content-style":"default","site-sidebar-style":"default","ast-global-header-display":"","ast-banner-title-visibility":"","ast-main-header-display":"","ast-hfb-above-header-display":"","ast-hfb-below-header-display":"","ast-hfb-mobile-header-display":"","site-post-title":"","ast-breadcrumbs-content":"","ast-featured-img":"","footer-sml-layout":"","ast-disable-related-posts":"","theme-transparent-header-meta":"","adv-header-id-meta":"","stick-header-meta":"","header-above-stick-meta":"","header-main-stick-meta":"","header-below-stick-meta":"","astra-migrate-meta-layouts":"default","ast-page-background-enabled":"default","ast-page-background-meta":{"desktop":{"background-color":"var(--ast-global-color-4)","background-image":"","background-repeat":"repeat","background-position":"center center","background-size":"auto","background-attachment":"scroll","background-type":"","background-media":"","overlay-type":"","overlay-color":"","overlay-opacity":"","overlay-gradient":""},"tablet":{"background-color":"","background-image":"","background-repeat":"repeat","background-position":"center center","background-size":"auto","background-attachment":"scroll","background-type":"","background-media":"","overlay-type":"","overlay-color":"","overlay-opacity":"","overlay-gradient":""},"mobile":{"background-color":"","background-image":"","background-repeat":"repeat","background-position":"center center","background-size":"auto","background-attachment":"scroll","background-type":"","background-media":"","overlay-type":"","overlay-color":"","overlay-opacity":"","overlay-gradient":""}},"ast-content-background-meta":{"desktop":{"background-color":"var(--ast-global-color-5)","background-image":"","background-repeat":"repeat","background-position":"center center","background-size":"auto","background-attachment":"scroll","background-type":"","background-media":"","overlay-type":"","overlay-color":"","overlay-opacity":"","overlay-gradient":""},"tablet":{"background-color":"var(--ast-global-color-5)","background-image":"","background-repeat":"repeat","background-position":"center center","background-size":"auto","background-attachment":"scroll","background-type":"","background-media":"","overlay-type":"","overlay-color":"","overlay-opacity":"","overlay-gradient":""},"mobile":{"background-color":"var(--ast-global-color-5)","background-image":"","background-repeat":"repeat","background-position":"center center","background-size":"auto","background-attachment":"scroll","background-type":"","background-media":"","overlay-type":"","overlay-color":"","overlay-opacity":"","overlay-gradient":""}}},"product_brand":[],"product_cat":[90],"product_tag":[33,91,78],"class_list":{"0":"post-2482","1":"product","2":"type-product","3":"status-publish","4":"has-post-thumbnail","6":"product_cat-christmas","7":"product_tag-children","8":"product_tag-christmas","9":"product_tag-gift","10":"product_shipping_class-iceland-cards","11":"desktop-align-left","12":"tablet-align-left","13":"mobile-align-left","15":"first","16":"instock","17":"shipping-taxable","18":"purchasable","19":"product-type-simple"},"aioseo_notices":[],"_links":{"self":[{"href":"https:\/\/eyjagjof.is\/is\/wp-json\/wp\/v2\/product\/2482","targetHints":{"allow":["GET"]}}],"collection":[{"href":"https:\/\/eyjagjof.is\/is\/wp-json\/wp\/v2\/product"}],"about":[{"href":"https:\/\/eyjagjof.is\/is\/wp-json\/wp\/v2\/types\/product"}],"replies":[{"embeddable":true,"href":"https:\/\/eyjagjof.is\/is\/wp-json\/wp\/v2\/comments?post=2482"}],"version-history":[{"count":1,"href":"https:\/\/eyjagjof.is\/is\/wp-json\/wp\/v2\/product\/2482\/revisions"}],"predecessor-version":[{"id":2483,"href":"https:\/\/eyjagjof.is\/is\/wp-json\/wp\/v2\/product\/2482\/revisions\/2483"}],"wp:featuredmedia":[{"embeddable":true,"href":"https:\/\/eyjagjof.is\/is\/wp-json\/wp\/v2\/media\/2526"}],"wp:attachment":[{"href":"https:\/\/eyjagjof.is\/is\/wp-json\/wp\/v2\/media?parent=2482"}],"wp:term":[{"taxonomy":"product_brand","embeddable":true,"href":"https:\/\/eyjagjof.is\/is\/wp-json\/wp\/v2\/product_brand?post=2482"},{"taxonomy":"product_cat","embeddable":true,"href":"https:\/\/eyjagjof.is\/is\/wp-json\/wp\/v2\/product_cat?post=2482"},{"taxonomy":"product_tag","embeddable":true,"href":"https:\/\/eyjagjof.is\/is\/wp-json\/wp\/v2\/product_tag?post=2482"}],"curies":[{"name":"wp","href":"https:\/\/api.w.org\/{rel}","templated":true}]}}