{"id":2404,"date":"2025-10-25T15:36:28","date_gmt":"2025-10-25T15:36:28","guid":{"rendered":"https:\/\/eyjagjof.is\/?post_type=product&#038;p=2404"},"modified":"2025-10-25T15:46:56","modified_gmt":"2025-10-25T15:46:56","slug":"handmade-christmas-card-gledileg-jol","status":"publish","type":"product","link":"https:\/\/eyjagjof.is\/is\/product\/handmade-christmas-card-gledileg-jol\/","title":{"rendered":"Handgert j\u00f3la\u00adkort \u201eGle\u00f0ileg j\u00f3l\u201c"},"content":{"rendered":"<ul>\n<li>\u2022 Umslag<\/li>\n<\/ul>\n<p>Korti\u00f0 s\u00fdnir fallega mynd af j\u00f3lasveini og h\u00e1t\u00ed\u00f0lega \u00e1letrunina \u201eGle\u00f0ileg j\u00f3l\u201c.<\/p>\n<p>Falleg lei\u00f0 til a\u00f0 senda hl\u00fdju og gle\u00f0i til \u00e1stvina yfir h\u00e1t\u00ed\u00f0arnar.<\/p>","protected":false},"excerpt":{"rendered":"<p>Handgert j\u00f3la\u00adkort me\u00f0 mynd af j\u00f3lasveini og \u00e1letruninni \u201eGle\u00f0ileg j\u00f3l\u201c.<\/p>","protected":false},"featured_media":2411,"comment_status":"open","ping_status":"closed","template":"","meta":{"site-sidebar-layout":"default","site-content-layout":"","ast-site-content-layout":"default","site-content-style":"default","site-sidebar-style":"default","ast-global-header-display":"","ast-banner-title-visibility":"","ast-main-header-display":"","ast-hfb-above-header-display":"","ast-hfb-below-header-display":"","ast-hfb-mobile-header-display":"","site-post-title":"","ast-breadcrumbs-content":"","ast-featured-img":"","footer-sml-layout":"","ast-disable-related-posts":"","theme-transparent-header-meta":"","adv-header-id-meta":"","stick-header-meta":"","header-above-stick-meta":"","header-main-stick-meta":"","header-below-stick-meta":"","astra-migrate-meta-layouts":"default","ast-page-background-enabled":"default","ast-page-background-meta":{"desktop":{"background-color":"var(--ast-global-color-4)","background-image":"","background-repeat":"repeat","background-position":"center center","background-size":"auto","background-attachment":"scroll","background-type":"","background-media":"","overlay-type":"","overlay-color":"","overlay-opacity":"","overlay-gradient":""},"tablet":{"background-color":"","background-image":"","background-repeat":"repeat","background-position":"center center","background-size":"auto","background-attachment":"scroll","background-type":"","background-media":"","overlay-type":"","overlay-color":"","overlay-opacity":"","overlay-gradient":""},"mobile":{"background-color":"","background-image":"","background-repeat":"repeat","background-position":"center center","background-size":"auto","background-attachment":"scroll","background-type":"","background-media":"","overlay-type":"","overlay-color":"","overlay-opacity":"","overlay-gradient":""}},"ast-content-background-meta":{"desktop":{"background-color":"var(--ast-global-color-5)","background-image":"","background-repeat":"repeat","background-position":"center center","background-size":"auto","background-attachment":"scroll","background-type":"","background-media":"","overlay-type":"","overlay-color":"","overlay-opacity":"","overlay-gradient":""},"tablet":{"background-color":"var(--ast-global-color-5)","background-image":"","background-repeat":"repeat","background-position":"center center","background-size":"auto","background-attachment":"scroll","background-type":"","background-media":"","overlay-type":"","overlay-color":"","overlay-opacity":"","overlay-gradient":""},"mobile":{"background-color":"var(--ast-global-color-5)","background-image":"","background-repeat":"repeat","background-position":"center center","background-size":"auto","background-attachment":"scroll","background-type":"","background-media":"","overlay-type":"","overlay-color":"","overlay-opacity":"","overlay-gradient":""}}},"product_brand":[],"product_cat":[90],"product_tag":[34,91],"class_list":{"0":"post-2404","1":"product","2":"type-product","3":"status-publish","4":"has-post-thumbnail","6":"product_cat-christmas","7":"product_tag-cards","8":"product_tag-christmas","9":"product_shipping_class-iceland-package-s","10":"desktop-align-left","11":"tablet-align-left","12":"mobile-align-left","14":"first","15":"instock","16":"shipping-taxable","17":"purchasable","18":"product-type-variable"},"aioseo_notices":[],"_links":{"self":[{"href":"https:\/\/eyjagjof.is\/is\/wp-json\/wp\/v2\/product\/2404","targetHints":{"allow":["GET"]}}],"collection":[{"href":"https:\/\/eyjagjof.is\/is\/wp-json\/wp\/v2\/product"}],"about":[{"href":"https:\/\/eyjagjof.is\/is\/wp-json\/wp\/v2\/types\/product"}],"replies":[{"embeddable":true,"href":"https:\/\/eyjagjof.is\/is\/wp-json\/wp\/v2\/comments?post=2404"}],"version-history":[{"count":2,"href":"https:\/\/eyjagjof.is\/is\/wp-json\/wp\/v2\/product\/2404\/revisions"}],"predecessor-version":[{"id":2412,"href":"https:\/\/eyjagjof.is\/is\/wp-json\/wp\/v2\/product\/2404\/revisions\/2412"}],"wp:featuredmedia":[{"embeddable":true,"href":"https:\/\/eyjagjof.is\/is\/wp-json\/wp\/v2\/media\/2411"}],"wp:attachment":[{"href":"https:\/\/eyjagjof.is\/is\/wp-json\/wp\/v2\/media?parent=2404"}],"wp:term":[{"taxonomy":"product_brand","embeddable":true,"href":"https:\/\/eyjagjof.is\/is\/wp-json\/wp\/v2\/product_brand?post=2404"},{"taxonomy":"product_cat","embeddable":true,"href":"https:\/\/eyjagjof.is\/is\/wp-json\/wp\/v2\/product_cat?post=2404"},{"taxonomy":"product_tag","embeddable":true,"href":"https:\/\/eyjagjof.is\/is\/wp-json\/wp\/v2\/product_tag?post=2404"}],"curies":[{"name":"wp","href":"https:\/\/api.w.org\/{rel}","templated":true}]}}