{"id":2315,"date":"2025-09-23T15:38:07","date_gmt":"2025-09-23T15:38:07","guid":{"rendered":"https:\/\/eyjagjof.is\/product\/art-calendar-vestmannaeyjar-2026\/"},"modified":"2026-01-18T16:26:09","modified_gmt":"2026-01-18T16:26:09","slug":"art-calendar-vestmannaeyjar-2026","status":"publish","type":"product","link":"https:\/\/eyjagjof.is\/is\/product\/art-calendar-vestmannaeyjar-2026\/","title":{"rendered":"Listadagatal \u201eVestmannaeyjar 2026\u201c"},"content":{"rendered":"<blockquote><p>Uppg\u00f6tva\u00f0u fegur\u00f0 Vestmannaeyja me\u00f0 \u00feessu einstaka listadagatal.<\/p><\/blockquote>\n<blockquote><p><em>Hver m\u00e1nu\u00f0ur s\u00fdnir upprunalega teikningu innbl\u00e1sna af \u00e1sts\u00e6lum st\u00f6\u00f0um eyjunnar \u2014 allt fr\u00e1 kyrrl\u00e1tum hornum til hr\u00edfandi \u00fats\u00fdna sem gera Vestmannaeyjar svo s\u00e9rstakar.<\/em><\/p><\/blockquote>\n<blockquote><p><em>Dagatali\u00f0 er hanna\u00f0 sem safn stakra spjalda (st\u00e6r\u00f0 12 \u00d7 14 cm) prentu\u00f0 \u00e1 h\u00e1g\u00e6\u00f0a Munken Polar papp\u00edr, sem er \u00feekktur fyrir silkimatta \u00e1fer\u00f0 og fram\u00farskarandi g\u00e6\u00f0i. Me\u00f0 fylgir st\u00edlhreinn standur sem gerir \u00fe\u00e9r kleift a\u00f0 s\u00fdna spj\u00f6ldin fallega \u00e1 skrifbor\u00f0i, hillu e\u00f0a \u00ed s\u00e9rst\u00f6ku horni heimilisins.<\/em><\/p><\/blockquote>\n<blockquote><p><em>\u00deetta dagatal er ekki a\u00f0eins hagn\u00fdtt heldur einnig listaverk sem f\u00e6rir \u00fe\u00e9r brot af Vestmannaeyjum inn \u00ed daglegt l\u00edf.<\/em><\/p><\/blockquote>","protected":false},"excerpt":{"rendered":"<p>Einstakt listadagatal innbl\u00e1si\u00f0 af landslagi Vestmannaeyja.<\/p>\n<p>Prenta\u00f0 sem stakar 12 \u00d7 14 cm spj\u00f6ld \u00e1 h\u00e1g\u00e6\u00f0a Munken Polar papp\u00edr me\u00f0 silkim\u00f6ttu yfirbor\u00f0i.<\/p>\n<p>Hver pakki fylgir st\u00edlhreinn standur \u2014 b\u00e6\u00f0i hagn\u00fdt og listr\u00e6n vi\u00f0b\u00f3t fyrir heimili\u00f0.<\/p>","protected":false},"featured_media":2314,"comment_status":"open","ping_status":"closed","template":"","meta":{"site-sidebar-layout":"default","site-content-layout":"","ast-site-content-layout":"default","site-content-style":"default","site-sidebar-style":"default","ast-global-header-display":"","ast-banner-title-visibility":"","ast-main-header-display":"","ast-hfb-above-header-display":"","ast-hfb-below-header-display":"","ast-hfb-mobile-header-display":"","site-post-title":"","ast-breadcrumbs-content":"","ast-featured-img":"","footer-sml-layout":"","ast-disable-related-posts":"","theme-transparent-header-meta":"","adv-header-id-meta":"","stick-header-meta":"","header-above-stick-meta":"","header-main-stick-meta":"","header-below-stick-meta":"","astra-migrate-meta-layouts":"default","ast-page-background-enabled":"default","ast-page-background-meta":{"desktop":{"background-color":"var(--ast-global-color-4)","background-image":"","background-repeat":"repeat","background-position":"center center","background-size":"auto","background-attachment":"scroll","background-type":"","background-media":"","overlay-type":"","overlay-color":"","overlay-opacity":"","overlay-gradient":""},"tablet":{"background-color":"","background-image":"","background-repeat":"repeat","background-position":"center center","background-size":"auto","background-attachment":"scroll","background-type":"","background-media":"","overlay-type":"","overlay-color":"","overlay-opacity":"","overlay-gradient":""},"mobile":{"background-color":"","background-image":"","background-repeat":"repeat","background-position":"center center","background-size":"auto","background-attachment":"scroll","background-type":"","background-media":"","overlay-type":"","overlay-color":"","overlay-opacity":"","overlay-gradient":""}},"ast-content-background-meta":{"desktop":{"background-color":"var(--ast-global-color-5)","background-image":"","background-repeat":"repeat","background-position":"center center","background-size":"auto","background-attachment":"scroll","background-type":"","background-media":"","overlay-type":"","overlay-color":"","overlay-opacity":"","overlay-gradient":""},"tablet":{"background-color":"var(--ast-global-color-5)","background-image":"","background-repeat":"repeat","background-position":"center center","background-size":"auto","background-attachment":"scroll","background-type":"","background-media":"","overlay-type":"","overlay-color":"","overlay-opacity":"","overlay-gradient":""},"mobile":{"background-color":"var(--ast-global-color-5)","background-image":"","background-repeat":"repeat","background-position":"center center","background-size":"auto","background-attachment":"scroll","background-type":"","background-media":"","overlay-type":"","overlay-color":"","overlay-opacity":"","overlay-gradient":""}}},"product_brand":[],"product_cat":[84,90],"product_tag":[85,34,86,82,78],"class_list":{"0":"post-2315","1":"product","2":"type-product","3":"status-publish","4":"has-post-thumbnail","6":"product_cat-calendar","7":"product_cat-christmas","8":"product_tag-calendar","9":"product_tag-cards","10":"product_tag-dagatal","11":"product_tag-decor","12":"product_tag-gift","13":"product_shipping_class-iceland-package-s","14":"desktop-align-left","15":"tablet-align-left","16":"mobile-align-left","18":"first","19":"instock","20":"sale","21":"shipping-taxable","22":"purchasable","23":"product-type-simple"},"aioseo_notices":[],"_links":{"self":[{"href":"https:\/\/eyjagjof.is\/is\/wp-json\/wp\/v2\/product\/2315","targetHints":{"allow":["GET"]}}],"collection":[{"href":"https:\/\/eyjagjof.is\/is\/wp-json\/wp\/v2\/product"}],"about":[{"href":"https:\/\/eyjagjof.is\/is\/wp-json\/wp\/v2\/types\/product"}],"replies":[{"embeddable":true,"href":"https:\/\/eyjagjof.is\/is\/wp-json\/wp\/v2\/comments?post=2315"}],"version-history":[{"count":1,"href":"https:\/\/eyjagjof.is\/is\/wp-json\/wp\/v2\/product\/2315\/revisions"}],"predecessor-version":[{"id":2320,"href":"https:\/\/eyjagjof.is\/is\/wp-json\/wp\/v2\/product\/2315\/revisions\/2320"}],"wp:featuredmedia":[{"embeddable":true,"href":"https:\/\/eyjagjof.is\/is\/wp-json\/wp\/v2\/media\/2314"}],"wp:attachment":[{"href":"https:\/\/eyjagjof.is\/is\/wp-json\/wp\/v2\/media?parent=2315"}],"wp:term":[{"taxonomy":"product_brand","embeddable":true,"href":"https:\/\/eyjagjof.is\/is\/wp-json\/wp\/v2\/product_brand?post=2315"},{"taxonomy":"product_cat","embeddable":true,"href":"https:\/\/eyjagjof.is\/is\/wp-json\/wp\/v2\/product_cat?post=2315"},{"taxonomy":"product_tag","embeddable":true,"href":"https:\/\/eyjagjof.is\/is\/wp-json\/wp\/v2\/product_tag?post=2315"}],"curies":[{"name":"wp","href":"https:\/\/api.w.org\/{rel}","templated":true}]}}