{"id":1641,"date":"2025-02-23T21:04:22","date_gmt":"2025-02-23T21:04:22","guid":{"rendered":"https:\/\/eyjagjof.is\/product\/3d-card-happy-balloon\/"},"modified":"2025-12-06T23:36:26","modified_gmt":"2025-12-06T23:36:26","slug":"3d-card-happy-balloon","status":"publish","type":"product","link":"https:\/\/eyjagjof.is\/is\/product\/3d-card-happy-balloon\/","title":{"rendered":"3D kort \u201eH\u00e1t\u00ed\u00f0arbl\u00f6\u00f0rur\u201c"},"content":{"rendered":"<p>3D kort \u201eH\u00e1t\u00ed\u00f0arbl\u00f6\u00f0rur\u201c<\/p>\n<ul>\n<li>\u2022 St\u00e6r\u00f0: 12,5 \u00d7 17,5 cm<\/li>\n<li>\u2022 Umslag<\/li>\n<\/ul>\n<blockquote><p><em>\u00deetta bjarta og st\u00edlhreina handger\u00f0a kort er fullkomin gj\u00f6f \u00ed afm\u00e6li!\n\u00c1 fors\u00ed\u00f0unni eru 3D bl\u00f6\u00f0rur sem skapa l\u00edflega og h\u00e1t\u00ed\u00f0lega stemningu.\nEinn \u00feeirra er b\u00fainn til \u00far skrautpapp\u00edr me\u00f0 m\u00e1lmglj\u00e1a, sem l\u00e6tur hann glitra og skera sig \u00far hinum \u2014 og gefur kortinu s\u00e9rstakan sjarma.<\/em><\/p>\n<\/blockquote>\n<blockquote><p><em>\u00der\u00edv\u00ed\u00f0u atri\u00f0in gera korti\u00f0 einstakt, og h\u00f6nnun \u00feess gefur \u00fev\u00ed f\u00e1ga\u00f0 og h\u00e1t\u00ed\u00f0legt \u00fatlit.\nInni er n\u00f3g pl\u00e1ss fyrir hl\u00fdjar kve\u00f0jur, sem gera \u00feessa gj\u00f6f enn pers\u00f3nulegri og hjartn\u00e6mari.<\/em><\/p>\n<\/blockquote>\n<blockquote><p><em>\u201eH\u00e1t\u00ed\u00f0arbl\u00f6\u00f0rur\u201c er ekki bara afm\u00e6liskve\u00f0ja, heldur l\u00edti\u00f0 brot af gle\u00f0i sem mun skilja eftir sig hl\u00fdjar minningar hj\u00e1 afm\u00e6lisbarninu.<\/em><\/p>\n<\/blockquote>","protected":false},"excerpt":{"rendered":"<p>3D card \u201cHappy Balloon\u201d Size 12.5&#215;17,5 cm Envelope This bright and stylish handmade postcard will be a wonderful birthday present! Its cover depicts 3D balloons, creating the effect of a live holiday. One of the balloons is made of decorative paper with a metallic effect, due to which it shimmers and stands out among the [&hellip;]<\/p>\n","protected":false},"featured_media":1636,"comment_status":"open","ping_status":"closed","template":"","meta":{"site-sidebar-layout":"default","site-content-layout":"","ast-site-content-layout":"default","site-content-style":"default","site-sidebar-style":"default","ast-global-header-display":"","ast-banner-title-visibility":"","ast-main-header-display":"","ast-hfb-above-header-display":"","ast-hfb-below-header-display":"","ast-hfb-mobile-header-display":"","site-post-title":"","ast-breadcrumbs-content":"","ast-featured-img":"","footer-sml-layout":"","ast-disable-related-posts":"","theme-transparent-header-meta":"","adv-header-id-meta":"","stick-header-meta":"","header-above-stick-meta":"","header-main-stick-meta":"","header-below-stick-meta":"","astra-migrate-meta-layouts":"default","ast-page-background-enabled":"default","ast-page-background-meta":{"desktop":{"background-color":"var(--ast-global-color-4)","background-image":"","background-repeat":"repeat","background-position":"center center","background-size":"auto","background-attachment":"scroll","background-type":"","background-media":"","overlay-type":"","overlay-color":"","overlay-opacity":"","overlay-gradient":""},"tablet":{"background-color":"","background-image":"","background-repeat":"repeat","background-position":"center center","background-size":"auto","background-attachment":"scroll","background-type":"","background-media":"","overlay-type":"","overlay-color":"","overlay-opacity":"","overlay-gradient":""},"mobile":{"background-color":"","background-image":"","background-repeat":"repeat","background-position":"center center","background-size":"auto","background-attachment":"scroll","background-type":"","background-media":"","overlay-type":"","overlay-color":"","overlay-opacity":"","overlay-gradient":""}},"ast-content-background-meta":{"desktop":{"background-color":"var(--ast-global-color-5)","background-image":"","background-repeat":"repeat","background-position":"center center","background-size":"auto","background-attachment":"scroll","background-type":"","background-media":"","overlay-type":"","overlay-color":"","overlay-opacity":"","overlay-gradient":""},"tablet":{"background-color":"var(--ast-global-color-5)","background-image":"","background-repeat":"repeat","background-position":"center center","background-size":"auto","background-attachment":"scroll","background-type":"","background-media":"","overlay-type":"","overlay-color":"","overlay-opacity":"","overlay-gradient":""},"mobile":{"background-color":"var(--ast-global-color-5)","background-image":"","background-repeat":"repeat","background-position":"center center","background-size":"auto","background-attachment":"scroll","background-type":"","background-media":"","overlay-type":"","overlay-color":"","overlay-opacity":"","overlay-gradient":""}}},"product_brand":[],"product_cat":[27],"product_tag":[65,35,34],"class_list":{"0":"post-1641","1":"product","2":"type-product","3":"status-publish","4":"has-post-thumbnail","6":"product_cat-birthday-cards","7":"product_tag-balloon","8":"product_tag-birthday-cards","9":"product_tag-cards","10":"product_shipping_class-iceland-cards","11":"desktop-align-left","12":"tablet-align-left","13":"mobile-align-left","15":"first","16":"instock","17":"shipping-taxable","18":"purchasable","19":"product-type-simple"},"aioseo_notices":[],"_links":{"self":[{"href":"https:\/\/eyjagjof.is\/is\/wp-json\/wp\/v2\/product\/1641","targetHints":{"allow":["GET"]}}],"collection":[{"href":"https:\/\/eyjagjof.is\/is\/wp-json\/wp\/v2\/product"}],"about":[{"href":"https:\/\/eyjagjof.is\/is\/wp-json\/wp\/v2\/types\/product"}],"replies":[{"embeddable":true,"href":"https:\/\/eyjagjof.is\/is\/wp-json\/wp\/v2\/comments?post=1641"}],"version-history":[{"count":3,"href":"https:\/\/eyjagjof.is\/is\/wp-json\/wp\/v2\/product\/1641\/revisions"}],"predecessor-version":[{"id":2015,"href":"https:\/\/eyjagjof.is\/is\/wp-json\/wp\/v2\/product\/1641\/revisions\/2015"}],"wp:featuredmedia":[{"embeddable":true,"href":"https:\/\/eyjagjof.is\/is\/wp-json\/wp\/v2\/media\/1636"}],"wp:attachment":[{"href":"https:\/\/eyjagjof.is\/is\/wp-json\/wp\/v2\/media?parent=1641"}],"wp:term":[{"taxonomy":"product_brand","embeddable":true,"href":"https:\/\/eyjagjof.is\/is\/wp-json\/wp\/v2\/product_brand?post=1641"},{"taxonomy":"product_cat","embeddable":true,"href":"https:\/\/eyjagjof.is\/is\/wp-json\/wp\/v2\/product_cat?post=1641"},{"taxonomy":"product_tag","embeddable":true,"href":"https:\/\/eyjagjof.is\/is\/wp-json\/wp\/v2\/product_tag?post=1641"}],"curies":[{"name":"wp","href":"https:\/\/api.w.org\/{rel}","templated":true}]}}