{"id":1634,"date":"2025-02-23T20:43:04","date_gmt":"2025-02-23T20:43:04","guid":{"rendered":"https:\/\/eyjagjof.is\/?post_type=product&#038;p=1634"},"modified":"2025-12-06T23:33:57","modified_gmt":"2025-12-06T23:33:57","slug":"3d-card-little-zebra","status":"publish","type":"product","link":"https:\/\/eyjagjof.is\/is\/product\/3d-card-little-zebra\/","title":{"rendered":"3D-kort \u201eLitla sebra\u201c"},"content":{"rendered":"<p>3D-kort \u201eLitla sebra\u201c<\/p>\n<ul>\n<li>\u2022 St\u00e6r\u00f0 10\u00d714 cm<\/li>\n<\/ul>\n<blockquote><p><em>\u00deetta bjarta og \u00f3venjulega handgert kort er b\u00fai\u00f0 til s\u00e9rstaklega fyrir b\u00f6rn! \u00c1 fors\u00ed\u00f0unni s\u00e9st heillandi l\u00edtil sebra me\u00f0 gla\u00f0legt svip sem vir\u00f0ist bj\u00f3\u00f0a \u00feig velkomin(n) \u00ed t\u00f6frandi heim gle\u00f0i og h\u00e1t\u00ed\u00f0ar.<\/em><\/p>\n<\/blockquote>\n<blockquote><p><em>Skreyting \u00far \u00e1fer\u00f0 gr\u00e6ns papp\u00edrs gefur kortinu s\u00e9rstakan sjarma og skapar \u00e1hrif su\u00f0r\u00e6ns gr\u00f3\u00f0urs \u00fear sem sebran leikur s\u00e9r. \u00der\u00edv\u00edddareiginleikar og hl\u00fdlegar, \u00f3venjulegar sm\u00e1atri\u00f0i gera korti\u00f0 einstakt og eftirminnilegt.<\/em><\/p>\n<\/blockquote>\n<blockquote><p><em>Inni \u00ed kortinu er pl\u00e1ss fyrir pers\u00f3nulegar kve\u00f0jur. Sl\u00edkt kort ver\u00f0ur yndisleg vi\u00f0b\u00f3t vi\u00f0 hva\u00f0a barnaveislu sem er og gefur bros og g\u00f3\u00f0a stemningu!<\/em><\/p>\n<\/blockquote>","protected":false},"excerpt":{"rendered":"<p>3D card &#8220;Little Zebra&#8221; Size 10&#215;14 cm This bright and unusual handmade card, created especially for children! Its cover depicts a charming little zebra with a cheerful look, which seems to invite you to a magical world of joy and celebration. Decor from the texture of green paper adds a special charm to the card, [&hellip;]<\/p>\n","protected":false},"featured_media":1631,"comment_status":"open","ping_status":"closed","template":"","meta":{"site-sidebar-layout":"default","site-content-layout":"","ast-site-content-layout":"default","site-content-style":"default","site-sidebar-style":"default","ast-global-header-display":"","ast-banner-title-visibility":"","ast-main-header-display":"","ast-hfb-above-header-display":"","ast-hfb-below-header-display":"","ast-hfb-mobile-header-display":"","site-post-title":"","ast-breadcrumbs-content":"","ast-featured-img":"","footer-sml-layout":"","ast-disable-related-posts":"","theme-transparent-header-meta":"","adv-header-id-meta":"","stick-header-meta":"","header-above-stick-meta":"","header-main-stick-meta":"","header-below-stick-meta":"","astra-migrate-meta-layouts":"default","ast-page-background-enabled":"default","ast-page-background-meta":{"desktop":{"background-color":"var(--ast-global-color-4)","background-image":"","background-repeat":"repeat","background-position":"center center","background-size":"auto","background-attachment":"scroll","background-type":"","background-media":"","overlay-type":"","overlay-color":"","overlay-opacity":"","overlay-gradient":""},"tablet":{"background-color":"","background-image":"","background-repeat":"repeat","background-position":"center center","background-size":"auto","background-attachment":"scroll","background-type":"","background-media":"","overlay-type":"","overlay-color":"","overlay-opacity":"","overlay-gradient":""},"mobile":{"background-color":"","background-image":"","background-repeat":"repeat","background-position":"center center","background-size":"auto","background-attachment":"scroll","background-type":"","background-media":"","overlay-type":"","overlay-color":"","overlay-opacity":"","overlay-gradient":""}},"ast-content-background-meta":{"desktop":{"background-color":"var(--ast-global-color-5)","background-image":"","background-repeat":"repeat","background-position":"center center","background-size":"auto","background-attachment":"scroll","background-type":"","background-media":"","overlay-type":"","overlay-color":"","overlay-opacity":"","overlay-gradient":""},"tablet":{"background-color":"var(--ast-global-color-5)","background-image":"","background-repeat":"repeat","background-position":"center center","background-size":"auto","background-attachment":"scroll","background-type":"","background-media":"","overlay-type":"","overlay-color":"","overlay-opacity":"","overlay-gradient":""},"mobile":{"background-color":"var(--ast-global-color-5)","background-image":"","background-repeat":"repeat","background-position":"center center","background-size":"auto","background-attachment":"scroll","background-type":"","background-media":"","overlay-type":"","overlay-color":"","overlay-opacity":"","overlay-gradient":""}}},"product_brand":[],"product_cat":[27,22],"product_tag":[34,33,32],"class_list":{"0":"post-1634","1":"product","2":"type-product","3":"status-publish","4":"has-post-thumbnail","6":"product_cat-birthday-cards","7":"product_cat-cards-for-children","8":"product_tag-cards","9":"product_tag-children","10":"product_tag-kids","11":"product_shipping_class-iceland-cards","12":"desktop-align-left","13":"tablet-align-left","14":"mobile-align-left","16":"first","17":"instock","18":"shipping-taxable","19":"purchasable","20":"product-type-simple"},"aioseo_notices":[],"_links":{"self":[{"href":"https:\/\/eyjagjof.is\/is\/wp-json\/wp\/v2\/product\/1634","targetHints":{"allow":["GET"]}}],"collection":[{"href":"https:\/\/eyjagjof.is\/is\/wp-json\/wp\/v2\/product"}],"about":[{"href":"https:\/\/eyjagjof.is\/is\/wp-json\/wp\/v2\/types\/product"}],"replies":[{"embeddable":true,"href":"https:\/\/eyjagjof.is\/is\/wp-json\/wp\/v2\/comments?post=1634"}],"version-history":[{"count":3,"href":"https:\/\/eyjagjof.is\/is\/wp-json\/wp\/v2\/product\/1634\/revisions"}],"predecessor-version":[{"id":2016,"href":"https:\/\/eyjagjof.is\/is\/wp-json\/wp\/v2\/product\/1634\/revisions\/2016"}],"wp:featuredmedia":[{"embeddable":true,"href":"https:\/\/eyjagjof.is\/is\/wp-json\/wp\/v2\/media\/1631"}],"wp:attachment":[{"href":"https:\/\/eyjagjof.is\/is\/wp-json\/wp\/v2\/media?parent=1634"}],"wp:term":[{"taxonomy":"product_brand","embeddable":true,"href":"https:\/\/eyjagjof.is\/is\/wp-json\/wp\/v2\/product_brand?post=1634"},{"taxonomy":"product_cat","embeddable":true,"href":"https:\/\/eyjagjof.is\/is\/wp-json\/wp\/v2\/product_cat?post=1634"},{"taxonomy":"product_tag","embeddable":true,"href":"https:\/\/eyjagjof.is\/is\/wp-json\/wp\/v2\/product_tag?post=1634"}],"curies":[{"name":"wp","href":"https:\/\/api.w.org\/{rel}","templated":true}]}}