{"id":1613,"date":"2025-02-23T17:42:15","date_gmt":"2025-02-23T17:42:15","guid":{"rendered":"https:\/\/eyjagjof.is\/product\/3d-card-little-giraffe\/"},"modified":"2025-12-06T23:33:39","modified_gmt":"2025-12-06T23:33:39","slug":"3d-card-little-giraffe","status":"publish","type":"product","link":"https:\/\/eyjagjof.is\/is\/product\/3d-card-little-giraffe\/","title":{"rendered":"3D kort \u201eLitli g\u00edraffinn\u201c"},"content":{"rendered":"<p>3D kort \u201eLitli g\u00edraffinn\u201c<\/p>\n<ul>\n<li>\u2022 St\u00e6r\u00f0 10\u00d714 cm<\/li>\n<\/ul>\n<blockquote><p><em>\u00deetta heillandi handgert barnakort er yndisleg vi\u00f0b\u00f3t vi\u00f0 hva\u00f0a h\u00e1t\u00ed\u00f0 sem er!\n\u00c1 fors\u00ed\u00f0unni s\u00e9st s\u00e6tur litli g\u00edraffi me\u00f0 g\u00f3\u00f0leg augnar\u00e1\u00f0 og fyndin bletti \u2014 eins og hann s\u00e9 a\u00f0 l\u00edta fram og f\u00e6ra gle\u00f0i.<\/em><\/p>\n<\/blockquote>\n<blockquote><p><em>Skrautpapp\u00edr me\u00f0 gr\u00f3fri \u00e1fer\u00f0 er nota\u00f0ur til a\u00f0 skapa \u00e1hrif lifandi n\u00e1tt\u00faru \u2014 hann minnir \u00e1 gr\u00e6nt gras e\u00f0a lauf \u00ed savannanum \u00fear sem g\u00edraffinn leikur s\u00e9r.\n\u00der\u00edv\u00ed\u00f0u atri\u00f0in gera korti\u00f0 einstakt og s\u00e9rstaklega notalegt vi\u00f0komu.<\/em><\/p>\n<\/blockquote>\n<blockquote><p><em>Inni \u00ed kortinu er n\u00f3g pl\u00e1ss fyrir hl\u00fd or\u00f0 og fallegar kve\u00f0jur.\nSl\u00edkt kort er ekki a\u00f0eins kve\u00f0ja, heldur l\u00edti\u00f0 listaverk sem f\u00e6rir bros og ver\u00f0ur hl\u00fd minning sem geymist lengi \u00ed hjartanu. \ud83d\udc9b<\/em><\/p>\n<\/blockquote>","protected":false},"excerpt":{"rendered":"<p>3D card &#8220;Little giraffe&#8221; Size 10&#215;14 This charming handmade children&#8217;s card will be a wonderful addition to any holiday! The front side features a cute little giraffe with kind eyes and funny spots, as if looking out to give joy. Textured green paper was used for decoration, creating the effect of living nature &#8211; it [&hellip;]<\/p>\n","protected":false},"featured_media":1611,"comment_status":"open","ping_status":"closed","template":"","meta":{"site-sidebar-layout":"default","site-content-layout":"","ast-site-content-layout":"default","site-content-style":"default","site-sidebar-style":"default","ast-global-header-display":"","ast-banner-title-visibility":"","ast-main-header-display":"","ast-hfb-above-header-display":"","ast-hfb-below-header-display":"","ast-hfb-mobile-header-display":"","site-post-title":"","ast-breadcrumbs-content":"","ast-featured-img":"","footer-sml-layout":"","ast-disable-related-posts":"","theme-transparent-header-meta":"","adv-header-id-meta":"","stick-header-meta":"","header-above-stick-meta":"","header-main-stick-meta":"","header-below-stick-meta":"","astra-migrate-meta-layouts":"default","ast-page-background-enabled":"default","ast-page-background-meta":{"desktop":{"background-color":"var(--ast-global-color-4)","background-image":"","background-repeat":"repeat","background-position":"center center","background-size":"auto","background-attachment":"scroll","background-type":"","background-media":"","overlay-type":"","overlay-color":"","overlay-opacity":"","overlay-gradient":""},"tablet":{"background-color":"","background-image":"","background-repeat":"repeat","background-position":"center center","background-size":"auto","background-attachment":"scroll","background-type":"","background-media":"","overlay-type":"","overlay-color":"","overlay-opacity":"","overlay-gradient":""},"mobile":{"background-color":"","background-image":"","background-repeat":"repeat","background-position":"center center","background-size":"auto","background-attachment":"scroll","background-type":"","background-media":"","overlay-type":"","overlay-color":"","overlay-opacity":"","overlay-gradient":""}},"ast-content-background-meta":{"desktop":{"background-color":"var(--ast-global-color-5)","background-image":"","background-repeat":"repeat","background-position":"center center","background-size":"auto","background-attachment":"scroll","background-type":"","background-media":"","overlay-type":"","overlay-color":"","overlay-opacity":"","overlay-gradient":""},"tablet":{"background-color":"var(--ast-global-color-5)","background-image":"","background-repeat":"repeat","background-position":"center center","background-size":"auto","background-attachment":"scroll","background-type":"","background-media":"","overlay-type":"","overlay-color":"","overlay-opacity":"","overlay-gradient":""},"mobile":{"background-color":"var(--ast-global-color-5)","background-image":"","background-repeat":"repeat","background-position":"center center","background-size":"auto","background-attachment":"scroll","background-type":"","background-media":"","overlay-type":"","overlay-color":"","overlay-opacity":"","overlay-gradient":""}}},"product_brand":[],"product_cat":[27,22],"product_tag":[35,34,33,32],"class_list":{"0":"post-1613","1":"product","2":"type-product","3":"status-publish","4":"has-post-thumbnail","6":"product_cat-birthday-cards","7":"product_cat-cards-for-children","8":"product_tag-birthday-cards","9":"product_tag-cards","10":"product_tag-children","11":"product_tag-kids","12":"product_shipping_class-iceland-cards","13":"desktop-align-left","14":"tablet-align-left","15":"mobile-align-left","17":"first","18":"instock","19":"shipping-taxable","20":"purchasable","21":"product-type-simple"},"aioseo_notices":[],"_links":{"self":[{"href":"https:\/\/eyjagjof.is\/is\/wp-json\/wp\/v2\/product\/1613","targetHints":{"allow":["GET"]}}],"collection":[{"href":"https:\/\/eyjagjof.is\/is\/wp-json\/wp\/v2\/product"}],"about":[{"href":"https:\/\/eyjagjof.is\/is\/wp-json\/wp\/v2\/types\/product"}],"replies":[{"embeddable":true,"href":"https:\/\/eyjagjof.is\/is\/wp-json\/wp\/v2\/comments?post=1613"}],"version-history":[{"count":2,"href":"https:\/\/eyjagjof.is\/is\/wp-json\/wp\/v2\/product\/1613\/revisions"}],"predecessor-version":[{"id":2319,"href":"https:\/\/eyjagjof.is\/is\/wp-json\/wp\/v2\/product\/1613\/revisions\/2319"}],"wp:featuredmedia":[{"embeddable":true,"href":"https:\/\/eyjagjof.is\/is\/wp-json\/wp\/v2\/media\/1611"}],"wp:attachment":[{"href":"https:\/\/eyjagjof.is\/is\/wp-json\/wp\/v2\/media?parent=1613"}],"wp:term":[{"taxonomy":"product_brand","embeddable":true,"href":"https:\/\/eyjagjof.is\/is\/wp-json\/wp\/v2\/product_brand?post=1613"},{"taxonomy":"product_cat","embeddable":true,"href":"https:\/\/eyjagjof.is\/is\/wp-json\/wp\/v2\/product_cat?post=1613"},{"taxonomy":"product_tag","embeddable":true,"href":"https:\/\/eyjagjof.is\/is\/wp-json\/wp\/v2\/product_tag?post=1613"}],"curies":[{"name":"wp","href":"https:\/\/api.w.org\/{rel}","templated":true}]}}