{"id":1600,"date":"2025-02-23T17:12:09","date_gmt":"2025-02-23T17:12:09","guid":{"rendered":"https:\/\/eyjagjof.is\/?post_type=product&#038;p=1600"},"modified":"2025-12-06T23:33:19","modified_gmt":"2025-12-06T23:33:19","slug":"3d-card-baby-elephant","status":"publish","type":"product","link":"https:\/\/eyjagjof.is\/is\/product\/3d-card-baby-elephant\/","title":{"rendered":"3D-kort \u201eL\u00edti\u00f0 f\u00edlabarn\u201c"},"content":{"rendered":"<p>3D-kort \u201eL\u00edti\u00f0 f\u00edlabarn\u201c<\/p>\n<ul>\n<li>\u2022 St\u00e6r\u00f0 10\u00d714 cm<\/li>\n<\/ul>\n<blockquote><p><em>\u00deetta heillandi handger\u00f0a 3D barnakort er hanna\u00f0 til a\u00f0 f\u00e6ra gle\u00f0i og bros! \u00c1 fors\u00ed\u00f0unni er fallegt f\u00edlabarn gert me\u00f0 \u00fer\u00edv\u00edddart\u00e6kni sem gerir myndina l\u00edflega og tj\u00e1ningarr\u00edka. F\u00edllinn me\u00f0 st\u00f3ru g\u00f3\u00f0legu augun, leikandi upphleyptan ranann og mj\u00faku pastellitina skapa notalegt og gle\u00f0ilegt andr\u00famsloft.<\/em><\/p>\n<\/blockquote>\n<blockquote><p><em>Inni \u00ed kortinu er n\u00e6gilegt pl\u00e1ss fyrir hl\u00fdjar \u00f3skir sem gera \u00feessa gj\u00f6f sannarlega \u00f3gleymanlega.<\/em><\/p>\n<\/blockquote>\n<blockquote><p><em>Sl\u00edkur einstakur minjagripur mun \u00f6rugglega vekja f\u00f6gnu\u00f0 og ver\u00f0a geymdur sem \u00f3metanleg minning!<\/em><\/p>\n<\/blockquote>","protected":false},"excerpt":{"rendered":"<p>3D card \u201cBaby elephant\u201d Size 10&#215;14 This charming handmade 3D children&#8217;s card is designed to bring joy and a smile! The front side of the card features a cute baby elephant, made using the volumetric technique, which makes the picture lively and expressive. The elephant with big kind eyes, playfully raised trunk; and gentle pastel [&hellip;]<\/p>\n","protected":false},"featured_media":1593,"comment_status":"open","ping_status":"closed","template":"","meta":{"site-sidebar-layout":"default","site-content-layout":"","ast-site-content-layout":"default","site-content-style":"default","site-sidebar-style":"default","ast-global-header-display":"","ast-banner-title-visibility":"","ast-main-header-display":"","ast-hfb-above-header-display":"","ast-hfb-below-header-display":"","ast-hfb-mobile-header-display":"","site-post-title":"","ast-breadcrumbs-content":"","ast-featured-img":"","footer-sml-layout":"","ast-disable-related-posts":"","theme-transparent-header-meta":"","adv-header-id-meta":"","stick-header-meta":"","header-above-stick-meta":"","header-main-stick-meta":"","header-below-stick-meta":"","astra-migrate-meta-layouts":"default","ast-page-background-enabled":"default","ast-page-background-meta":{"desktop":{"background-color":"var(--ast-global-color-4)","background-image":"","background-repeat":"repeat","background-position":"center center","background-size":"auto","background-attachment":"scroll","background-type":"","background-media":"","overlay-type":"","overlay-color":"","overlay-opacity":"","overlay-gradient":""},"tablet":{"background-color":"","background-image":"","background-repeat":"repeat","background-position":"center center","background-size":"auto","background-attachment":"scroll","background-type":"","background-media":"","overlay-type":"","overlay-color":"","overlay-opacity":"","overlay-gradient":""},"mobile":{"background-color":"","background-image":"","background-repeat":"repeat","background-position":"center center","background-size":"auto","background-attachment":"scroll","background-type":"","background-media":"","overlay-type":"","overlay-color":"","overlay-opacity":"","overlay-gradient":""}},"ast-content-background-meta":{"desktop":{"background-color":"var(--ast-global-color-5)","background-image":"","background-repeat":"repeat","background-position":"center center","background-size":"auto","background-attachment":"scroll","background-type":"","background-media":"","overlay-type":"","overlay-color":"","overlay-opacity":"","overlay-gradient":""},"tablet":{"background-color":"var(--ast-global-color-5)","background-image":"","background-repeat":"repeat","background-position":"center center","background-size":"auto","background-attachment":"scroll","background-type":"","background-media":"","overlay-type":"","overlay-color":"","overlay-opacity":"","overlay-gradient":""},"mobile":{"background-color":"var(--ast-global-color-5)","background-image":"","background-repeat":"repeat","background-position":"center center","background-size":"auto","background-attachment":"scroll","background-type":"","background-media":"","overlay-type":"","overlay-color":"","overlay-opacity":"","overlay-gradient":""}}},"product_brand":[],"product_cat":[50,22],"product_tag":[33,32],"class_list":{"0":"post-1600","1":"product","2":"type-product","3":"status-publish","4":"has-post-thumbnail","6":"product_cat-cards","7":"product_cat-cards-for-children","8":"product_tag-children","9":"product_tag-kids","10":"product_shipping_class-iceland-cards","11":"desktop-align-left","12":"tablet-align-left","13":"mobile-align-left","15":"first","16":"instock","17":"shipping-taxable","18":"purchasable","19":"product-type-simple"},"aioseo_notices":[],"_links":{"self":[{"href":"https:\/\/eyjagjof.is\/is\/wp-json\/wp\/v2\/product\/1600","targetHints":{"allow":["GET"]}}],"collection":[{"href":"https:\/\/eyjagjof.is\/is\/wp-json\/wp\/v2\/product"}],"about":[{"href":"https:\/\/eyjagjof.is\/is\/wp-json\/wp\/v2\/types\/product"}],"replies":[{"embeddable":true,"href":"https:\/\/eyjagjof.is\/is\/wp-json\/wp\/v2\/comments?post=1600"}],"version-history":[{"count":3,"href":"https:\/\/eyjagjof.is\/is\/wp-json\/wp\/v2\/product\/1600\/revisions"}],"predecessor-version":[{"id":2014,"href":"https:\/\/eyjagjof.is\/is\/wp-json\/wp\/v2\/product\/1600\/revisions\/2014"}],"wp:featuredmedia":[{"embeddable":true,"href":"https:\/\/eyjagjof.is\/is\/wp-json\/wp\/v2\/media\/1593"}],"wp:attachment":[{"href":"https:\/\/eyjagjof.is\/is\/wp-json\/wp\/v2\/media?parent=1600"}],"wp:term":[{"taxonomy":"product_brand","embeddable":true,"href":"https:\/\/eyjagjof.is\/is\/wp-json\/wp\/v2\/product_brand?post=1600"},{"taxonomy":"product_cat","embeddable":true,"href":"https:\/\/eyjagjof.is\/is\/wp-json\/wp\/v2\/product_cat?post=1600"},{"taxonomy":"product_tag","embeddable":true,"href":"https:\/\/eyjagjof.is\/is\/wp-json\/wp\/v2\/product_tag?post=1600"}],"curies":[{"name":"wp","href":"https:\/\/api.w.org\/{rel}","templated":true}]}}